{"id":24179,"date":"2025-04-13T17:41:13","date_gmt":"2025-04-13T17:41:13","guid":{"rendered":"https:\/\/researchchemworld.com\/?post_type=product&#038;p=24179"},"modified":"2026-02-25T17:12:41","modified_gmt":"2026-02-25T17:12:41","slug":"bromazolam-25mg-pudelko","status":"publish","type":"product","link":"https:\/\/researchchemworld.com\/pl\/sklep\/b2b\/bromazolam-25mg-pudelko\/","title":{"rendered":"RC+ Bromazolam 2,5 mg pude\u0142ko"},"content":{"rendered":"<h1><strong>Bromazolam 2,5 mg pude\u0142ko \u2013 Jako\u015bciowe substancje chemiczne do bada\u0144<\/strong><\/h1>\n<p class=\"ds-markdown-paragraph\"><strong>Nazwa produktu:<\/strong>\u00a0RC+ Bromazolam 2,5 mg na tabletk\u0119 (pude\u0142ko)<br \/>\n<strong>G\u0142\u00f3wna substancja czynna:<\/strong><br \/>\n<strong>Zawarto\u015b\u0107:<\/strong>\u00a02,5 mg na tabletk\u0119, zapakowane w por\u0119czne pude\u0142ko<br \/>\n<strong>Nadaje si\u0119 do:<\/strong>\u00a0Badania naukowe (nie do spo\u017cycia przez ludzi)<a title=\"Bibu\u0142ki 1V-LSD 150 MCG\" href=\"https:\/\/researchchemworld.com\/pl\/sklep\/lizergamidy\/1v-lsd-150-mcg-blotters\/\" target=\"_blank\" rel=\"noopener\">Bibu\u0142ki 1V-LSD 150 MCG<\/a><\/p>\n<p class=\"ds-markdown-paragraph\">jest substancj\u0105 badawcz\u0105 nale\u017c\u0105c\u0105 do klasy benzodiazepin. Badania naukowe wykaza\u0142y, \u017ce mo\u017ce mie\u0107 on potencjalne dzia\u0142anie i jest sprzedawany wy\u0142\u0105cznie w celach badawczych.<\/p>\n<h2><strong>Dlaczego warto kupi\u0107 RC+ 2.5mg Box?<\/strong><\/h2>\n<p class=\"ds-markdown-paragraph\">\u2705\u00a0<strong>Wysoka jako\u015b\u0107:<\/strong>\u00a0Czysta i sp\u00f3jna formu\u0142a stworzona w celu uzyskania wiarygodnych wynik\u00f3w bada\u0144.<br \/>\n\u2705\u00a0<strong>Precyzyjne dozowanie:<\/strong>\u00a0Ka\u017cda tabletka zawiera 2,5 mg bromazolamu, co pozwala na przeprowadzenie dok\u0142adnych eksperyment\u00f3w.<br \/>\n\u2705\u00a0<strong>Bezpiecznie zapakowane:<\/strong>\u00a0Dyskretne i profesjonalne opakowanie.<br \/>\n\u2705\u00a0<strong>Szybka dostawa:<\/strong>\u00a0Zam\u00f3wienie z\u0142o\u017cone przed godzin\u0105 15:00? Cz\u0119sto wysy\u0142amy tego samego dnia!<a title=\"2-CMC 250 mg granulki\" href=\"https:\/\/researchchemworld.com\/pl\/sklep\/katynony\/%f0%9f%92%a1-2-mmc-krystaliczny-proszek-do-wszystkich-pytan-i-odpowiedzi-do-zakupu\/\" target=\"_blank\" rel=\"noopener\">2-CMC 250 mg granulki<\/a><\/p>\n<h2><strong>Wa\u017cne informacje dotycz\u0105ce u\u017cytkowania<\/strong><\/h2>\n<p class=\"ds-markdown-paragraph\">\u26a0\ufe0f\u00a0<strong>Tylko do cel\u00f3w badawczych<\/strong>\u00a0\u2013 Produkt nie jest przeznaczony do spo\u017cycia przez ludzi ani zwierz\u0119ta.<br \/>\n\u26a0\ufe0f\u00a0<strong>Porady dotycz\u0105ce przechowywania:<\/strong>\u00a0Przechowywa\u0107 w suchym miejscu, poza zasi\u0119giem dzieci.<\/p>\n<h2><strong>Zam\u00f3w teraz RC+ 2.5mg Box<\/strong><\/h2>\n<p class=\"ds-markdown-paragraph\">Czy jeste\u015b naukowcem poszukuj\u0105cym wysokiej jako\u015bci substancji chemicznych do bada\u0144? Zam\u00f3w ju\u017c dzi\u015b\u00a0<strong>RC+ 2,5mg pude\u0142ko<\/strong>\u00a0i otrzymaj sw\u00f3j produkt szybko!<a title=\"6-CL-ADBA\" href=\"https:\/\/researchchemworld.com\/pl\/sklep\/prawie-zabronione\/6-cl-adba\/\" target=\"_blank\" rel=\"noopener\">6-CL-ADBA<\/a><\/p>","protected":false},"excerpt":{"rendered":"<p>Bromazolam 2,5 mg pude\u0142ko \u2013 Jako\u015bciowe substancje chemiczne do bada\u0144 Nazwa produktu: RC+ Bromazolam 2,5 mg na tabletk\u0119 (pude\u0142ko) G\u0142\u00f3wny sk\u0142adnik aktywny: Zawarto\u015b\u0107: 2,5 mg na tabletk\u0119, zapakowane w<\/p>","protected":false},"featured_media":29428,"comment_status":"closed","ping_status":"closed","template":"","meta":[],"product_brand":[82],"product_cat":[555],"product_tag":[174,183,184,176,175,178,177,180,326,179],"class_list":{"0":"post-24179","1":"product","2":"type-product","3":"status-publish","4":"has-post-thumbnail","6":"product_brand-research-chemical","7":"product_cat-b2b","8":"product_tag-bromazolam","9":"product_tag-bromazolam-bijwerkingen","10":"product_tag-bromazolam-dosing","11":"product_tag-bromazolam-ervaringen","12":"product_tag-bromazolam-kopen","13":"product_tag-bromazolam-na-drugs","14":"product_tag-bromazolam-psychonaut","15":"product_tag-hoe-lang-werkt-bromazolam","16":"product_tag-nl","17":"product_tag-wat-is-bromazolam","19":"first","20":"instock","21":"taxable","22":"shipping-taxable","23":"purchasable","24":"product-type-variable"},"_links":{"self":[{"href":"https:\/\/researchchemworld.com\/pl\/wp-json\/wp\/v2\/product\/24179","targetHints":{"allow":["GET"]}}],"collection":[{"href":"https:\/\/researchchemworld.com\/pl\/wp-json\/wp\/v2\/product"}],"about":[{"href":"https:\/\/researchchemworld.com\/pl\/wp-json\/wp\/v2\/types\/product"}],"replies":[{"embeddable":true,"href":"https:\/\/researchchemworld.com\/pl\/wp-json\/wp\/v2\/comments?post=24179"}],"version-history":[{"count":5,"href":"https:\/\/researchchemworld.com\/pl\/wp-json\/wp\/v2\/product\/24179\/revisions"}],"predecessor-version":[{"id":26024,"href":"https:\/\/researchchemworld.com\/pl\/wp-json\/wp\/v2\/product\/24179\/revisions\/26024"}],"wp:featuredmedia":[{"embeddable":true,"href":"https:\/\/researchchemworld.com\/pl\/wp-json\/wp\/v2\/media\/29428"}],"wp:attachment":[{"href":"https:\/\/researchchemworld.com\/pl\/wp-json\/wp\/v2\/media?parent=24179"}],"wp:term":[{"taxonomy":"product_brand","embeddable":true,"href":"https:\/\/researchchemworld.com\/pl\/wp-json\/wp\/v2\/product_brand?post=24179"},{"taxonomy":"product_cat","embeddable":true,"href":"https:\/\/researchchemworld.com\/pl\/wp-json\/wp\/v2\/product_cat?post=24179"},{"taxonomy":"product_tag","embeddable":true,"href":"https:\/\/researchchemworld.com\/pl\/wp-json\/wp\/v2\/product_tag?post=24179"}],"curies":[{"name":"wp","href":"https:\/\/api.w.org\/{rel}","templated":true}]}}