{"id":24185,"date":"2025-04-13T17:41:13","date_gmt":"2025-04-13T17:41:13","guid":{"rendered":"https:\/\/researchchemworld.com\/?post_type=product&#038;p=24185"},"modified":"2026-02-25T17:20:01","modified_gmt":"2026-02-25T17:20:01","slug":"rc-flubrotizolam-05-mg-pudelko","status":"publish","type":"product","link":"https:\/\/researchchemworld.com\/pl\/sklep\/b2b\/rc-flubrotizolam-05-mg-pudelko\/","title":{"rendered":"RC+ Flubrotizolam 0,5 MG pude\u0142ko"},"content":{"rendered":"<h1><strong>Flubrotizolam okres p\u00f3\u0142trwania 0,5 mg pude\u0142ko \u2013 pot\u0119\u017cne substancje chemiczne do bada\u0144 naukowych<\/strong><\/h1>\n<h2><strong>Flubrotizolam 0,5 mg \u2013 Pot\u0119\u017cny Zwi\u0105zek Badawczy<\/strong><\/h2>\n<p class=\"ds-markdown-paragraph\">Ten\u00a0<strong>RC+ Flubrotizolam okres p\u00f3\u0142trwania 0,5 mg pude\u0142ko<\/strong>\u00a0zawiera warto\u015bciow\u0105, potencjalnie interesuj\u0105c\u0105 substancj\u0119 badawcz\u0105 z klasy tienotriazolodiazepin. Substancja ta znana jest g\u0142\u00f3wnie z bada\u0144 farmakologicznych i sprzedawana jest wy\u0142\u0105cznie w celach bada\u0144 naukowych.<\/p>\n<p class=\"ds-markdown-paragraph\">Flubrotizolam przyci\u0105ga uwag\u0119 badaczy ze wzgl\u0119du na swoje unikalne w\u0142a\u015bciwo\u015bci i mo\u017cliwe efekty farmakologiczne w eksperymentach. Niska dawka wynosz\u0105ca 0,5 mg na tabletk\u0119 sprawia, \u017ce preparat ten jest szczeg\u00f3lnie odpowiedni do precyzyjnych, kontrolowanych bada\u0144.<\/p>\n<hr \/>\n<h2><strong>Dlaczego warto kupi\u0107 RC+ Flubrotizolam 0,5 mg?<\/strong><\/h2>\n<p class=\"ds-markdown-paragraph\">\u2705\u00a0<strong>Niezwykle dok\u0142adne dawkowanie:<\/strong>\u00a0Ka\u017cda tabletka zawiera dok\u0142adnie\u00a0<strong>0,5 mg Flubrotizolamu<\/strong>\u00a0dla sp\u00f3jnych i wiarygodnych wynik\u00f3w bada\u0144<\/p>\n<p class=\"ds-markdown-paragraph\">\u2705\u00a0<strong>Najwy\u017cszy standard jako\u015bci:<\/strong>\u00a0Wyprodukowano w \u015bcis\u0142ych warunkach laboratoryjnych z zachowaniem maksymalnej czysto\u015bci<\/p>\n<p class=\"ds-markdown-paragraph\">\u2705\u00a0<strong>Optymalne opakowanie:<\/strong>\u00a0Praktyczne opakowanie pude\u0142kowe z ochron\u0105 przed \u015bwiat\u0142em <a href=\"http:\/\/google.nl\" target=\"_blank\" rel=\"noopener\">I<\/a> wilgo\u0107<\/p>\n<p class=\"ds-markdown-paragraph\">\u2705\u00a0<strong>Szybka i dyskretna dostawa:<\/strong>\u00a0Zam\u00f3wienie z\u0142o\u017cone przed godzin\u0105 15:00? Zazwyczaj wysy\u0142amy tego samego dnia roboczego!<\/p>\n<p class=\"ds-markdown-paragraph\">\u2705\u00a0<strong>Tylko do cel\u00f3w badawczych:<\/strong>\u00a0Nadaje si\u0119 do eksperyment\u00f3w naukowych i bada\u0144 analitycznych<\/p>\n<hr \/>\n<h2><strong>Wa\u017cne informacje dotycz\u0105ce u\u017cytkowania<\/strong><\/h2>\n<p class=\"ds-markdown-paragraph\">\u26a0\ufe0f\u00a0<strong>Wy\u0142\u0105cznie do bada\u0144 naukowych<\/strong>\u00a0\u2013 Absolutnie nieprzeznaczony do spo\u017cycia przez ludzi lub zwierz\u0119ta.<\/p>\n<p class=\"ds-markdown-paragraph\">\u26a0\ufe0f\u00a0<strong>Instrukcje bezpiecze\u0144stwa:<\/strong><\/p>\n<ul>\n<li>\n<p class=\"ds-markdown-paragraph\">Przechowywa\u0107 w miejscu niedost\u0119pnym dla dzieci i os\u00f3b nieupowa\u017cnionych.<\/p>\n<\/li>\n<li>\n<p class=\"ds-markdown-paragraph\">Przechowywa\u0107 w suchym miejscu w temperaturze pokojowej.<\/p>\n<\/li>\n<li>\n<p class=\"ds-markdown-paragraph\">Do u\u017cytku wy\u0142\u0105cznie w profesjonalnych \u015brodowiskach badawczych<\/p>\n<\/li>\n<\/ul>\n<p class=\"ds-markdown-paragraph\">\u26a0\ufe0f\u00a0<strong>Odpowiedzialne u\u017cytkowanie:<\/strong>\u00a0Do u\u017cytku wy\u0142\u0105cznie przez wykwalifikowanych badaczy dysponuj\u0105cych odpowiednim zapleczem laboratoryjnym<\/p>\n<hr \/>\n<h2><strong>Cz\u0119sto zadawane pytania dotycz\u0105ce okresu p\u00f3\u0142trwania flubrotizolamu<\/strong><\/h2>\n<h3><strong>1. Co sprawia, \u017ce Flubrotizolam jest interesuj\u0105cym materia\u0142em badawczym?<\/strong><\/h3>\n<p class=\"ds-markdown-paragraph\">Flubrotizolam nale\u017cy do interesuj\u0105cej klasy zwi\u0105zk\u00f3w, kt\u00f3re ciesz\u0105 si\u0119 zainteresowaniem naukowc\u00f3w ze wzgl\u0119du na swoje wyj\u0105tkowe w\u0142a\u015bciwo\u015bci farmakodynamiczne.<a title=\"O-DSMT 50 mg granulki\" href=\"https:\/\/researchchemworld.com\/pl\/sklep\/peletki-2\/o-dsmt-50mg-granulki\/\" target=\"_blank\" rel=\"noopener\">O-DSMT 50 mg granulki<\/a><\/p>\n<h3><strong>2. Czy ta substancja jest legalna w Holandii\/Belgii?<\/strong><\/h3>\n<p class=\"ds-markdown-paragraph\">Produkt ten jest sprzedawany wy\u0142\u0105cznie wykwalifikowanym badaczom jako substancja chemiczna do cel\u00f3w badawczych i nie jest przeznaczony do spo\u017cycia. Legalno\u015b\u0107 mo\u017ce si\u0119 r\u00f3\u017cni\u0107 w zale\u017cno\u015bci od kraju \u2013 naukowcy powinni sami sprawdzi\u0107 lokalne przepisy.<\/p>\n<h3><strong>3. W jaki spos\u00f3b dostarczany jest produkt?<\/strong><\/h3>\n<p class=\"ds-markdown-paragraph\">Ten\u00a0<strong>RC+ Flubrotizolam 0,5 mg pude\u0142ko<\/strong>\u00a0zawiera precyzyjnie odmierzone dawki tabletek w profesjonalnym, bezpiecznym opakowaniu.<a title=\"2-CMC 250 mg granulki\" href=\"https:\/\/researchchemworld.com\/pl\/sklep\/katynony\/%f0%9f%92%a1-2-mmc-krystaliczny-proszek-do-wszystkich-pytan-i-odpowiedzi-do-zakupu\/\" target=\"_blank\" rel=\"noopener\">2-CMC 250 mg granulki<\/a><\/p>\n<hr \/>\n<h2><strong>Zam\u00f3w teraz RC+ Flubrotizolam half life 0.5mg Box<\/strong><\/h2>\n<p class=\"ds-markdown-paragraph\">Czy jeste\u015b badaczem lub naukowcem poszukuj\u0105cym wysokiej jako\u015bci, precyzyjnie dozowanych \u015brodk\u00f3w chemicznych do bada\u0144? Zam\u00f3w ju\u017c dzi\u015b\u00a0<strong>RC+ Flubrotizolam 0,5 mg pude\u0142ko<\/strong>\u00a0aby zapewni\u0107 szybk\u0105 i dyskretn\u0105 dostaw\u0119 do Twojej plac\u00f3wki badawczej lub laboratorium.<a title=\"Kapsu\u0142ki 2C-EF 2 mg\" href=\"https:\/\/researchchemworld.com\/pl\/sklep\/fenetyloamina\/2-kapsulki-2c-ef-2mg\/\" target=\"_blank\" rel=\"noopener\">Kapsu\u0142ki 2C-EF 2 mg<\/a><\/p>","protected":false},"excerpt":{"rendered":"<p>Flubrotizolam okres p\u00f3\u0142trwania 0,5 mg pude\u0142ko \u2013 Pot\u0119\u017cne substancje chemiczne do bada\u0144 naukowych Flubrotizolam 0,5 mg \u2013 Pot\u0119\u017cna substancja chemiczna do bada\u0144 RC+ Flubrotizolam okres p\u00f3\u0142trwania 0,5 mg pude\u0142ko \u2013 Pot\u0119\u017cne substancje chemiczne do bada\u0144 naukowych<\/p>","protected":false},"featured_media":29432,"comment_status":"closed","ping_status":"closed","template":"","meta":[],"product_brand":[82],"product_cat":[555],"product_tag":[150,153,154,151,152,155,326],"class_list":{"0":"post-24185","1":"product","2":"type-product","3":"status-publish","4":"has-post-thumbnail","6":"product_brand-research-chemical","7":"product_cat-b2b","8":"product_tag-flubrotizolam","9":"product_tag-flubrotizolam-dosage","10":"product_tag-flubrotizolam-ervaring","11":"product_tag-flubrotizolam-half-life","12":"product_tag-flubrotizolam-werking","13":"product_tag-flunitrazolam-bijwerkingen","14":"product_tag-nl","16":"first","17":"instock","18":"taxable","19":"shipping-taxable","20":"purchasable","21":"product-type-simple"},"_links":{"self":[{"href":"https:\/\/researchchemworld.com\/pl\/wp-json\/wp\/v2\/product\/24185","targetHints":{"allow":["GET"]}}],"collection":[{"href":"https:\/\/researchchemworld.com\/pl\/wp-json\/wp\/v2\/product"}],"about":[{"href":"https:\/\/researchchemworld.com\/pl\/wp-json\/wp\/v2\/types\/product"}],"replies":[{"embeddable":true,"href":"https:\/\/researchchemworld.com\/pl\/wp-json\/wp\/v2\/comments?post=24185"}],"version-history":[{"count":3,"href":"https:\/\/researchchemworld.com\/pl\/wp-json\/wp\/v2\/product\/24185\/revisions"}],"predecessor-version":[{"id":26030,"href":"https:\/\/researchchemworld.com\/pl\/wp-json\/wp\/v2\/product\/24185\/revisions\/26030"}],"wp:featuredmedia":[{"embeddable":true,"href":"https:\/\/researchchemworld.com\/pl\/wp-json\/wp\/v2\/media\/29432"}],"wp:attachment":[{"href":"https:\/\/researchchemworld.com\/pl\/wp-json\/wp\/v2\/media?parent=24185"}],"wp:term":[{"taxonomy":"product_brand","embeddable":true,"href":"https:\/\/researchchemworld.com\/pl\/wp-json\/wp\/v2\/product_brand?post=24185"},{"taxonomy":"product_cat","embeddable":true,"href":"https:\/\/researchchemworld.com\/pl\/wp-json\/wp\/v2\/product_cat?post=24185"},{"taxonomy":"product_tag","embeddable":true,"href":"https:\/\/researchchemworld.com\/pl\/wp-json\/wp\/v2\/product_tag?post=24185"}],"curies":[{"name":"wp","href":"https:\/\/api.w.org\/{rel}","templated":true}]}}