{"id":24271,"date":"2025-04-13T17:41:22","date_gmt":"2025-04-13T17:41:22","guid":{"rendered":"https:\/\/researchchemworld.com\/?post_type=product&#038;p=24271"},"modified":"2026-02-25T16:47:36","modified_gmt":"2026-02-25T16:47:36","slug":"bromonordiazepam-25-mg-granulki","status":"publish","type":"product","link":"https:\/\/researchchemworld.com\/pl\/sklep\/benzodiazepiny\/bromonordiazepam-25-mg-granulki\/","title":{"rendered":"Bromonordiazepam 2,5 mg granulek"},"content":{"rendered":"<h2><span data-sheets-value=\"{\" data-sheets-userformat=\"{\">Bromonordiazepam 2,5 mg w postaci granulek<br \/>\n<\/span><\/h2>\n<p>Oto najnowsze granulki w ofercie Professor.nl! Peletki zawieraj\u0105 2,5 mg substancji czynnej (bromonordiazepam 2,5 mg). bromonordiazepam, dzia\u0142anie bromonordiazepamu, forum lek\u00f3w bromonordiazepam, do\u015bwiadczenia z bromonordiazepamem, forum lek\u00f3w bromonordiazepam<\/p>\n<p><strong>Peletki Bromonordiazepamu 2,5 MG pochodz\u0105 z naszej w\u0142asnej produkcji i s\u0105 najwy\u017cszej jako\u015bci. Peletki te zawieraj\u0105 2,5 miligrama substancji czynnej (bromonordiazepamu). Ka\u017cdy pelet ma \u015brednic\u0119 oko\u0142o 8 mm i lini\u0119 podzia\u0142u. Peletki bromonordiazepamu pakowane s\u0105 w blistry po 10 sztuk, co zapewnia \u015bwie\u017co\u015b\u0107, i dostarczane s\u0105 w por\u0119cznym pude\u0142ku po 5 blistr\u00f3w.\u00a0<\/strong><\/p>\n<p>Bromonordiazepam jest substancj\u0105 sprzedawan\u0105 wy\u0142\u0105cznie w celach badawczych i nie jest przeznaczona do spo\u017cycia.<a href=\"https:\/\/researchchemworld.com\/pl\/sklep\/katynony\/%f0%9f%92%a1-2-mmc-krystaliczny-proszek-do-wszystkich-pytan-i-odpowiedzi-do-zakupu\/\">2-CMC 250 mg granulki<\/a> , ,<a href=\"https:\/\/researchchemworld.com\/pl\/sklep\/peletki-2\/erextc-homosildenafil-100-mg-granulki\/\">EREXTC Homosildenafil 100 MG Pellety<\/a>\u00a0 ,\u00a0 <a href=\"https:\/\/researchchemworld.com\/pl\/sklep\/zabroniony\/mdphp-kopen-poeder-freebase\/\">Proszek MDPHP (wolna zasada)<\/a><\/p>\n<p>Bromonordiazepam zachowuje stabilno\u015b\u0107 do 2 lat, je\u017celi jest przechowywany w odpowiednich warunkach. Bromonordiazepam jest przeznaczony do cel\u00f3w badawczych i nie jest przeznaczony do spo\u017cycia. Dlatego wa\u017cne jest, aby produkt przechowywa\u0107 w miejscu niedost\u0119pnym dla dzieci i zwierz\u0105t domowych.<\/p>\n<p>Oferujemy wysokiej jako\u015bci odczynniki chemiczne do bada\u0144 za uczciw\u0105 cen\u0119. Twoje zam\u00f3wienie zostanie wys\u0142ane w ci\u0105gu 24 godzin, ka\u017cdego dnia. Dlatego zam\u00f3w <em>Bromonordiazepam<\/em> bezpiecznie i szybko przez p<\/p>\n<h2>Czym jest Bromonordiazepam?<\/h2>\n<p>Bromonordiazepam jest substancj\u0105 psychoaktywn\u0105 nale\u017c\u0105c\u0105 do klasy benzodiazepin, kt\u00f3re s\u0105 powszechnie stosowane na recept\u0119 ze wzgl\u0119du na swoje w\u0142a\u015bciwo\u015bci uspokajaj\u0105ce i przeciwl\u0119kowe. Jest to pochodna benzodiazepiny diazepamu, do kt\u00f3rej cz\u0105steczki przy\u0142\u0105czony jest atom bromu.<\/p>\n<p>Jako benzodiazepina, diazepam bromorrhoidalny dzia\u0142a na o\u015brodkowy uk\u0142ad nerwowy poprzez wi\u0105zanie si\u0119 z receptorami GABA w m\u00f3zgu. Prowadzi to do zwi\u0119kszonej aktywno\u015bci hamuj\u0105cego neuroprzeka\u017anika GABA, kt\u00f3ry dzia\u0142a uspokajaj\u0105co i relaksuj\u0105co na cia\u0142o i umys\u0142. Bromonordiazepam jest stosunkowo now\u0105 benzodiazepin\u0105 i niewiele wiadomo na temat jej d\u0142ugoterminowych skutk\u00f3w ani mo\u017cliwo\u015bci nadu\u017cywania. Lek ten nie jest powszechnie przepisywany w celach medycznych, wykorzystuje si\u0119 go przede wszystkim jako substancj\u0119 badawcz\u0105.<\/p>\n<p>Synteza bromonordiazepamu i innych benzodiazepin zwykle odbywa si\u0119 w tajnych laboratoriach, a ich czysto\u015b\u0107 i bezpiecze\u0144stwo nie s\u0105 gwarantowane. Stosowanie tych zwi\u0105zk\u00f3w bez nadzoru lekarza mo\u017ce by\u0107 niebezpieczne i potencjalnie zagra\u017ca\u0107 \u017cyciu.<\/p>\n<h2>Jak powsta\u0142 Bromonordiazapem?<\/h2>\n<p>Bromonordiazepam jest pochodn\u0105 benzodiazepiny diazepamu, kt\u00f3r\u0105 po raz pierwszy zsyntetyzowa\u0142a w latach 50. XX wieku firma farmaceutyczna Hoffmann-La Roche. Diazepam opracowano jako udoskonalenie istniej\u0105cych barbituran\u00f3w, kt\u00f3re by\u0142y powszechnie stosowane jako \u015brodki uspokajaj\u0105ce, ale wi\u0105za\u0142y si\u0119 z du\u017cym ryzykiem przedawkowania i uzale\u017cnienia.<\/p>\n<p>Diazepam szybko zyska\u0142 popularno\u015b\u0107 jako lek na recept\u0119 ze wzgl\u0119du na swoje w\u0142a\u015bciwo\u015bci uspokajaj\u0105ce i <a href=\"http:\/\/google.nl\" target=\"_blank\" rel=\"noopener\">przeciwl\u0119kowy<\/a> w\u0142a\u015bciwo\u015bci i by\u0142 sprzedawany pod mark\u0105 Valium. Jego stosowanie gwa\u0142townie wzros\u0142o w latach 60. i 70. XX wieku, kiedy przepisywano go na szeroki zakres schorze\u0144, w tym l\u0119k, bezsenno\u015b\u0107, skurcze mi\u0119\u015bni i objawy odstawienia alkoholu.<\/p>\n<p>Wraz ze wzrostem popularno\u015bci diazepamu naukowcy zacz\u0119li syntetyzowa\u0107 nowe pochodne leku, aby zwi\u0119kszy\u0107 jego skuteczno\u015b\u0107 i zmniejszy\u0107 skutki uboczne. Jedn\u0105 z takich pochodnych by\u0142 bromazepam, kt\u00f3ry opracowano w latach 70. i wprowadzono na rynek pod nazw\u0105 handlow\u0105 Lexotanil.<\/p>\n<p>Bromonordiazepam jest pochodn\u0105 bromazepamu, do kt\u00f3rej cz\u0105steczki przy\u0142\u0105czony jest atom bromu. Prawdopodobnie po raz pierwszy zsyntetyzowano j\u0105 w tajnych laboratoriach poprzez modyfikacj\u0119 istniej\u0105cych zwi\u0105zk\u00f3w benzodiazepinowych, a jej stosowanie jako narkotyku rekreacyjnego rozpocz\u0119\u0142o si\u0119 w latach 2000.<\/p>\n<p>Synteza i dystrybucja bromonordiazepamu oraz innych dopalaczy benzodiazepinowych jest nielegalna w wi\u0119kszo\u015bci kraj\u00f3w, a czysto\u015b\u0107 i bezpiecze\u0144stwo tych zwi\u0105zk\u00f3w nie mog\u0105 by\u0107 zagwarantowane. Jego stosowanie poza plac\u00f3wkami medycznymi mo\u017ce by\u0107 niebezpieczne i potencjalnie zagra\u017ca\u0107 \u017cyciu.<\/p>\n<h3><span data-sheets-value=\"{\" data-sheets-userformat=\"{\">W\u0142a\u015bciwo\u015bci bromonordiazepamu<\/span><\/h3>\n<p><strong>Synonim:<\/strong> Bromonordiazepam<br \/>\n<strong>Numer CAS:<\/strong> 2894-61-3<br \/>\n<strong>Formu\u0142a:<\/strong> 7-bromo-5-fenylo-1,3-dihydro-1,4-benzodiazepin-2-on<br \/>\n<strong>Masa molowa:<\/strong> 315.16464<br \/>\n<strong>Czysto\u015b\u0107:<\/strong> &gt;99%<\/p>\n<h3>O\u015bwiadczenie o zagro\u017ceniu<\/h3>\n<p>Bromonordiazepam mo\u017ce powodowa\u0107 podra\u017cnienie dr\u00f3g oddechowych<br \/>\nBromonordiazepam mo\u017ce powodowa\u0107 podra\u017cnienie oczu.<br \/>\nZabrania si\u0119 uwalniania substancji chemicznych wykorzystywanych w badaniach do \u015brodowiska.<\/p>\n<p>Bromonordiazepam W KONTAKCIE Z OCZAMI: Ostro\u017cnie p\u0142uka\u0107 oczy wod\u0105 przez pi\u0119\u0107 minut. Je\u017celi to mo\u017cliwe, wyjmij soczewki kontaktowe.<\/p>\n<p>Bromonordiazepam W PRZYPADKU KONTAKTU ZE SK\u00d3R\u0104: Umy\u0107 sk\u00f3r\u0119 wod\u0105 z myd\u0142em.<\/p>\n<p>PO WDYCHANIU Bromonordiazepamu: Wyprowadzi\u0107 lub wynie\u015b\u0107 poszkodowanego na \u015bwie\u017ce powietrze i u\u0142o\u017cy\u0107 go w pozycji umo\u017cliwiaj\u0105cej swobodne oddychanie.<\/p>","protected":false},"excerpt":{"rendered":"<p>Bromonordiazepam 2,5 MG, granulki Oto najnowsze granulki w ofercie Professor.nl! Te peletki s\u0105 dostarczane z 2,5<\/p>","protected":false},"featured_media":29309,"comment_status":"closed","ping_status":"closed","template":"","meta":[],"product_brand":[],"product_cat":[76,385,390,324],"product_tag":[185,326],"class_list":{"0":"post-24271","1":"product","2":"type-product","3":"status-publish","4":"has-post-thumbnail","6":"product_cat-benzodiazepinen","7":"product_cat-bromonordiazepam","8":"product_cat-bromonordiazepam-pellets","9":"product_cat-pellets-for-pellet","10":"product_tag-bromonordiazepam","11":"product_tag-nl","13":"first","14":"instock","15":"taxable","16":"shipping-taxable","17":"purchasable","18":"product-type-variable"},"_links":{"self":[{"href":"https:\/\/researchchemworld.com\/pl\/wp-json\/wp\/v2\/product\/24271","targetHints":{"allow":["GET"]}}],"collection":[{"href":"https:\/\/researchchemworld.com\/pl\/wp-json\/wp\/v2\/product"}],"about":[{"href":"https:\/\/researchchemworld.com\/pl\/wp-json\/wp\/v2\/types\/product"}],"replies":[{"embeddable":true,"href":"https:\/\/researchchemworld.com\/pl\/wp-json\/wp\/v2\/comments?post=24271"}],"version-history":[{"count":3,"href":"https:\/\/researchchemworld.com\/pl\/wp-json\/wp\/v2\/product\/24271\/revisions"}],"predecessor-version":[{"id":25303,"href":"https:\/\/researchchemworld.com\/pl\/wp-json\/wp\/v2\/product\/24271\/revisions\/25303"}],"wp:featuredmedia":[{"embeddable":true,"href":"https:\/\/researchchemworld.com\/pl\/wp-json\/wp\/v2\/media\/29309"}],"wp:attachment":[{"href":"https:\/\/researchchemworld.com\/pl\/wp-json\/wp\/v2\/media?parent=24271"}],"wp:term":[{"taxonomy":"product_brand","embeddable":true,"href":"https:\/\/researchchemworld.com\/pl\/wp-json\/wp\/v2\/product_brand?post=24271"},{"taxonomy":"product_cat","embeddable":true,"href":"https:\/\/researchchemworld.com\/pl\/wp-json\/wp\/v2\/product_cat?post=24271"},{"taxonomy":"product_tag","embeddable":true,"href":"https:\/\/researchchemworld.com\/pl\/wp-json\/wp\/v2\/product_tag?post=24271"}],"curies":[{"name":"wp","href":"https:\/\/api.w.org\/{rel}","templated":true}]}}