{"id":24332,"date":"2025-04-13T17:41:30","date_gmt":"2025-04-13T17:41:30","guid":{"rendered":"https:\/\/researchchemworld.com\/?post_type=product&#038;p=24332"},"modified":"2026-02-25T16:33:27","modified_gmt":"2026-02-25T16:33:27","slug":"rc-moxy-10mg-blister","status":"publish","type":"product","link":"https:\/\/researchchemworld.com\/pl\/sklep\/b2b\/rc-moxy-10mg-blister\/","title":{"rendered":"RC+ Moxy 10mg Blister"},"content":{"rendered":"<p class=\"ds-markdown-paragraph\"><strong><span class=\"___SText_anxqe-ko_\" data-ui-name=\"Link.Text\">Moxy 5 meo mipt <\/span>Blister 10 mg \u2013 Premium Research Chemistry for Scientific Purposes<\/strong><\/p>\n<p class=\"ds-markdown-paragraph\"><strong>Nazwa produktu:<\/strong>\u00a0RC+ Moxy (5-MeO-MiPT) \u2013 10 mg na tabletk\u0119 \u2013 Opakowanie typu blister<br \/>\n<strong>Kategoria:<\/strong>\u00a0Chemikalia badawcze (klasa psychodeliczna\/tryptaminy)<br \/>\n<strong>Zakres zastosowania:<\/strong> Badania neurochemiczne i badania farmakologiczne.<a title=\"1cP-LSD 150 MCG Art Blotters\" href=\"https:\/\/researchchemworld.com\/pl\/sklep\/lizergamidy\/1cp-lsd-150-mcg-granulki\/\" target=\"_blank\" rel=\"noopener\">1cP-LSD 150 MCG Art Blotters<\/a><\/p>\n<hr \/>\n<h3><strong>Cechy produktu: <span class=\"___SText_anxqe-ko_\" data-ui-name=\"Link.Text\">moxy 5 meo mipt<\/span><\/strong><\/h3>\n<p class=\"ds-markdown-paragraph\">\ud83d\udd2c\u00a0<strong>Wysoka czysto\u015b\u0107<\/strong>\u00a0(&gt;98%) \u2013 Zoptymalizowany pod k\u0105tem precyzyjnych wynik\u00f3w bada\u0144<br \/>\n\ud83d\udc8a\u00a0<strong>10 mg na tabletk\u0119<\/strong>\u00a0\u2013 Precyzyjne mikrodawkowanie w celu kontrolowanych eksperyment\u00f3w<br \/>\n\ud83d\udce6\u00a0<strong>Profesjonalne opakowanie typu blister<\/strong>\u00a0\u2013 Chroni przed degradacj\u0105 pod wp\u0142ywem \u015bwiat\u0142a\/wilgoci<br \/>\n\ud83d\udcca\u00a0<strong>Certyfikat jako\u015bci<\/strong>\u00a0\u2013 Raporty z analizy HPLC\/MS dost\u0119pne na \u017c\u0105danie<\/p>\n<h3><strong>O <span class=\"___SText_anxqe-ko_\" data-ui-name=\"Link.Text\">moxy 5 meo mipt<\/span>:<\/strong><\/h3>\n<p class=\"ds-markdown-paragraph\">Substancja badawcza z rodziny tryptamin o interesuj\u0105cych w\u0142a\u015bciwo\u015bciach farmakologicznych, kt\u00f3ra:<\/p>\n<ul>\n<li>\n<p class=\"ds-markdown-paragraph\">Badania nad receptorami serotoninergicznymi<\/p>\n<\/li>\n<li>\n<p class=\"ds-markdown-paragraph\">Badania neurotransmisji<\/p>\n<\/li>\n<li>\n<p class=\"ds-markdown-paragraph\">Por\u00f3wnawcza analiza profili psychoaktywnych.<a title=\"O-DSMT 50 mg granulki\" href=\"https:\/\/researchchemworld.com\/pl\/sklep\/peletki-2\/o-dsmt-50mg-granulki\/\" target=\"_blank\" rel=\"noopener\">O-DSMT 50 mg granulki<\/a><\/p>\n<\/li>\n<\/ul>\n<p class=\"ds-markdown-paragraph\"><strong>Wa\u017cny:<\/strong><\/p>\n<ul>\n<li>\n<p class=\"ds-markdown-paragraph\">Tylko do bada\u0144 in vitro<\/p>\n<\/li>\n<li>\n<p class=\"ds-markdown-paragraph\">Nie do spo\u017cycia przez ludzi\/zwierz\u0119ta.<\/p>\n<\/li>\n<li>\n<p class=\"ds-markdown-paragraph\">Produkt nie jest przeznaczony do u\u017cytku leczniczego lub rekreacyjnego.<a title=\"2-CMC 250 mg granulki\" href=\"https:\/\/researchchemworld.com\/pl\/sklep\/katynony\/%f0%9f%92%a1-2-mmc-krystaliczny-proszek-do-wszystkich-pytan-i-odpowiedzi-do-zakupu\/\" target=\"_blank\" rel=\"noopener\">2-CMC 250 mg granulki<\/a><\/p>\n<\/li>\n<\/ul>\n<hr \/>\n<h3><strong>Protok\u00f3\u0142 bezpiecze\u0144stwa:<span class=\"___SText_anxqe-ko_\" data-ui-name=\"Link.Text\">moxy 5 meo mipt<\/span><\/strong><\/h3>\n<p class=\"ds-markdown-paragraph\">\u26a0\u00a0<strong>Instrukcje laboratoryjne:<\/strong><\/p>\n<ul>\n<li>\n<p class=\"ds-markdown-paragraph\">Zawsze pracuj w r\u0119kawiczkach\/fartuchu laboratoryjnym<\/p>\n<\/li>\n<li>\n<p class=\"ds-markdown-paragraph\">Stosowa\u0107 wy\u0142\u0105cznie w kontrolowanym \u015brodowisku laboratoryjnym.<\/p>\n<\/li>\n<li>\n<p class=\"ds-markdown-paragraph\">Unika\u0107 bezpo\u015bredniego kontaktu ze sk\u00f3r\u0105\/oczami<\/p>\n<\/li>\n<\/ul>\n<p class=\"ds-markdown-paragraph\">\u26a0\u00a0<strong>Status prawny:<\/strong><\/p>\n<ul>\n<li>\n<p class=\"ds-markdown-paragraph\">W Holandii regulowane na mocy ustawy o opium<\/p>\n<\/li>\n<li>\n<p class=\"ds-markdown-paragraph\">Mog\u0105 obowi\u0105zywa\u0107 ograniczenia w ca\u0142ej UE<\/p>\n<\/li>\n<li>\n<p class=\"ds-markdown-paragraph\">Odpowiedzialno\u015b\u0107 za zakup le\u017cy po stronie badacza<\/p>\n<\/li>\n<\/ul>\n<hr \/>\n<h3><strong>Dlaczego RC+ Moxy 10mg Blister?<\/strong><\/h3>\n<p class=\"ds-markdown-paragraph\">\u2705\u00a0<strong>Zaawansowana kontrola jako\u015bci<\/strong>\u00a0\u2013 Ka\u017cda partia testowana niezale\u017cnie<br \/>\n\u2705\u00a0<strong>Dyskretna wysy\u0142ka<\/strong>\u00a0\u2013 Ca\u0142kowicie anonimowe opakowanie<br \/>\n\u2705\u00a0<strong>Szybka dostawa w UE<\/strong>\u00a0\u2013 Dost\u0119pne w magazynach europejskich<br \/>\n\u2705\u00a0<strong>Dokumentacja naukowa<\/strong> \u2013 Dost\u0119pne s\u0105 szczeg\u00f3\u0142owe informacje o produkcie.<a title=\"Kapsu\u0142ki 2C-EF 2 mg\" href=\"https:\/\/researchchemworld.com\/pl\/sklep\/fenetyloamina\/2-kapsulki-2c-ef-2mg\/\" target=\"_blank\" rel=\"noopener\">Kapsu\u0142ki 2C-EF 2 mg<\/a><\/p>","protected":false},"excerpt":{"rendered":"<p><strong>CAS Nummer:<\/strong> 96096-55-8<br \/>\n<strong>Formule:<\/strong> N-[2-(5-methoxy-1H-indol-3-yl)ethyl]-N-methylpropan-2-amine<br \/>\n<strong>Molmassa:<\/strong> 246.354 g\u00b7mol<br \/>\n<strong>Zuiverheid:<\/strong> &gt;97%<\/p>\n","protected":false},"featured_media":29440,"comment_status":"closed","ping_status":"closed","template":"","meta":[],"product_brand":[82],"product_cat":[555],"product_tag":[824,826,825,326,827],"class_list":{"0":"post-24332","1":"product","2":"type-product","3":"status-publish","4":"has-post-thumbnail","6":"product_brand-research-chemical","7":"product_cat-b2b","8":"product_tag-5-meo-mipt-moxy","9":"product_tag-5-meo-mipt-moxy-purifie","10":"product_tag-moxy-5-meo-mipt","11":"product_tag-nl","12":"product_tag-purifie-moxy-5-meo-mipt","14":"first","15":"instock","16":"taxable","17":"shipping-taxable","18":"purchasable","19":"product-type-variable"},"_links":{"self":[{"href":"https:\/\/researchchemworld.com\/pl\/wp-json\/wp\/v2\/product\/24332","targetHints":{"allow":["GET"]}}],"collection":[{"href":"https:\/\/researchchemworld.com\/pl\/wp-json\/wp\/v2\/product"}],"about":[{"href":"https:\/\/researchchemworld.com\/pl\/wp-json\/wp\/v2\/types\/product"}],"replies":[{"embeddable":true,"href":"https:\/\/researchchemworld.com\/pl\/wp-json\/wp\/v2\/comments?post=24332"}],"version-history":[{"count":3,"href":"https:\/\/researchchemworld.com\/pl\/wp-json\/wp\/v2\/product\/24332\/revisions"}],"predecessor-version":[{"id":25994,"href":"https:\/\/researchchemworld.com\/pl\/wp-json\/wp\/v2\/product\/24332\/revisions\/25994"}],"wp:featuredmedia":[{"embeddable":true,"href":"https:\/\/researchchemworld.com\/pl\/wp-json\/wp\/v2\/media\/29440"}],"wp:attachment":[{"href":"https:\/\/researchchemworld.com\/pl\/wp-json\/wp\/v2\/media?parent=24332"}],"wp:term":[{"taxonomy":"product_brand","embeddable":true,"href":"https:\/\/researchchemworld.com\/pl\/wp-json\/wp\/v2\/product_brand?post=24332"},{"taxonomy":"product_cat","embeddable":true,"href":"https:\/\/researchchemworld.com\/pl\/wp-json\/wp\/v2\/product_cat?post=24332"},{"taxonomy":"product_tag","embeddable":true,"href":"https:\/\/researchchemworld.com\/pl\/wp-json\/wp\/v2\/product_tag?post=24332"}],"curies":[{"name":"wp","href":"https:\/\/api.w.org\/{rel}","templated":true}]}}