{"id":24334,"date":"2025-04-13T17:41:30","date_gmt":"2025-04-13T17:41:30","guid":{"rendered":"https:\/\/researchchemworld.com\/?post_type=product&#038;p=24334"},"modified":"2026-02-25T16:34:56","modified_gmt":"2026-02-25T16:34:56","slug":"benzo-fury-100mg-blister","status":"publish","type":"product","link":"https:\/\/researchchemworld.com\/pl\/sklep\/b2b\/benzo-fury-100mg-blister\/","title":{"rendered":"RC+ Benzo Fury 100mg Blister"},"content":{"rendered":"<h3><strong>Benzo Fury 100mg Blister \u2013 Pot\u0119\u017cna chemia badawcza<\/strong><\/h3>\n<p class=\"ds-markdown-paragraph\"><strong>Nazwa produktu:<\/strong>\u00a0RC Benzo Fury (6-APB \/ 5-APB) \u2013 100 mg na tabletk\u0119 \u2013 Opakowanie typu blister<br \/>\n<strong>Kategoria g\u0142\u00f3wna:<\/strong>\u00a0Chemikalia badawcze<br \/>\n<strong>Typ:<\/strong>\u00a0Pobudzaj\u0105cy entaktogen (spodziewany efekt: euforia, energia, wi\u0119\u017a spo\u0142eczna)<\/p>\n<h4><strong>Cechy produktu:<\/strong><\/h4>\n<p class=\"ds-markdown-paragraph\">\u2705\u00a0<strong>Wysoka jako\u015b\u0107<\/strong>\u00a0\u2013 Czysta i sp\u00f3jna formu\u0142a<br \/>\n\u2705\u00a0<strong>100 mg na tabletk\u0119<\/strong>\u00a0\u2013 Dok\u0142adne dawkowanie do cel\u00f3w badawczych<br \/>\n\u2705\u00a0<strong>Opakowanie typu blister<\/strong>\u00a0\u2013 Chroni przed wilgoci\u0105 <a href=\"http:\/\/google.nl\" target=\"_blank\" rel=\"noopener\">I<\/a> szkoda<br \/>\n\u2705\u00a0<strong>Obszerne testy laboratoryjne<\/strong>\u00a0\u2013 Optymalizacja czysto\u015bci<\/p>\n<h4><strong>Czym jest Benzo Fury (6-APB \/ 5-APB)?<\/strong><\/h4>\n<p class=\"ds-markdown-paragraph\">Benzo Fury to substancja chemiczna b\u0119d\u0105ca przedmiotem bada\u0144, znana ze swoich pobudzaj\u0105cych i empatycznych efekt\u00f3w, podobnych do zwi\u0105zk\u00f3w takich jak MDMA. Sprzedawany jest wy\u0142\u0105cznie\u00a0<strong>badania naukowe<\/strong>\u00a0i jest\u00a0<strong>nieprzeznaczony do spo\u017cycia przez ludzi<\/strong>.<a title=\"Kapsu\u0142ki 2C-EF 2 mg\" href=\"https:\/\/researchchemworld.com\/pl\/sklep\/fenetyloamina\/2-kapsulki-2c-ef-2mg\/\" target=\"_blank\" rel=\"noopener\">Kapsu\u0142ki 2C-EF 2 mg<\/a><\/p>\n<h4><strong>Wa\u017cne informacje:<\/strong><\/h4>\n<p class=\"ds-markdown-paragraph\">\u26a0\u00a0<strong>Tylko do cel\u00f3w badawczych<\/strong>\u00a0\u2013 Nie nadaje si\u0119 do stosowania u ludzi i zwierz\u0105t.<br \/>\n\u26a0\u00a0<strong>Sprawd\u017a przepisy<\/strong>\u00a0\u2013 Status r\u00f3\u017cni si\u0119 w zale\u017cno\u015bci od kraju (w Holandii w ramach\u00a0<strong>Ustawa o opium<\/strong>)<br \/>\n\u26a0\u00a0<strong>\u015arodki ostro\u017cno\u015bci:<\/strong> Zawsze stosuj \u015brodki ochrony osobistej (r\u0119kawiczki, \u015brodowisko laboratoryjne).<a title=\"2-CMC 250 mg granulki\" href=\"https:\/\/researchchemworld.com\/pl\/sklep\/katynony\/%f0%9f%92%a1-2-mmc-krystaliczny-proszek-do-wszystkich-pytan-i-odpowiedzi-do-zakupu\/\" target=\"_blank\" rel=\"noopener\">2-CMC 250 mg granulki<\/a><\/p>\n<h4><strong>Dlaczego warto wybra\u0107 ten produkt?<\/strong><\/h4>\n<p class=\"ds-markdown-paragraph\">\u2714\u00a0<strong>Niezawodna jako\u015b\u0107<\/strong>\u00a0\u2013 Dok\u0142adnie przetestowane pod k\u0105tem czysto\u015bci<br \/>\n\u2714\u00a0<strong>Dyskretna wysy\u0142ka<\/strong>\u00a0\u2013 Anonimowe opakowania w UE<br \/>\n\u2714\u00a0<strong>Szybka dostawa<\/strong>\u00a0\u2013 Z\u0142o\u017cone przed godzin\u0105 15:00, wys\u0142ane nast\u0119pnego dnia roboczego<\/p>\n<p class=\"ds-markdown-paragraph\"><strong>UWAGA:<\/strong>\u00a0Ten produkt jest\u00a0<strong>przeznaczone wy\u0142\u0105cznie do bada\u0144 naukowych<\/strong>\u00a0i nie do u\u017cytku rekreacyjnego. Przed z\u0142o\u017ceniem zam\u00f3wienia zapoznaj si\u0119 z lokalnymi przepisami.<a title=\"Bibu\u0142ki 1V-LSD 150 MCG\" href=\"https:\/\/researchchemworld.com\/pl\/sklep\/lizergamidy\/1v-lsd-150-mcg-blotters\/\" target=\"_blank\" rel=\"noopener\">Bibu\u0142ki 1V-LSD 150 MCG<\/a><\/p>","protected":false},"excerpt":{"rendered":"<p><strong>Synonim<\/strong>: 6-(2-aminopropylo)benzofuran<br \/>\n<strong>Numer CAS:<\/strong> 286834-85-3<br \/>\n<strong>Formu\u0142a<\/strong>: <span title=\"W\u0119giel\">C<\/span><sub>11<\/sub><span title=\"Wod\u00f3r\">H<\/span><sub>13<\/sub><span title=\"Azot\">N<\/span><span title=\"Tlen\">O<\/span><br \/>\n<strong>Masa molowa<\/strong>: <span class=\"nowrap\">175.231<\/span>\u00a0g\/mol<br \/>\n<strong>Czysto\u015b\u0107<\/strong>: &gt;98%<\/p>","protected":false},"featured_media":29425,"comment_status":"closed","ping_status":"closed","template":"","meta":[],"product_brand":[82],"product_cat":[555],"product_tag":[117,126,130,850,118,120,119,121,851,326,122],"class_list":{"0":"post-24334","1":"product","2":"type-product","3":"status-publish","4":"has-post-thumbnail","6":"product_brand-research-chemical","7":"product_cat-b2b","8":"product_tag-6-apb-benzo-fury","9":"product_tag-6-apb-kopen","10":"product_tag-6-apb-ervaring","11":"product_tag-6apb","12":"product_tag-benzo-fury","13":"product_tag-benzo-fury-bestellen-nederland","14":"product_tag-benzo-fury-drugs","15":"product_tag-benzo-fury-kopen","16":"product_tag-benzos-drugs","17":"product_tag-nl","18":"product_tag-wat-is-benzo-fury","20":"first","21":"instock","22":"taxable","23":"shipping-taxable","24":"purchasable","25":"product-type-variable"},"_links":{"self":[{"href":"https:\/\/researchchemworld.com\/pl\/wp-json\/wp\/v2\/product\/24334","targetHints":{"allow":["GET"]}}],"collection":[{"href":"https:\/\/researchchemworld.com\/pl\/wp-json\/wp\/v2\/product"}],"about":[{"href":"https:\/\/researchchemworld.com\/pl\/wp-json\/wp\/v2\/types\/product"}],"replies":[{"embeddable":true,"href":"https:\/\/researchchemworld.com\/pl\/wp-json\/wp\/v2\/comments?post=24334"}],"version-history":[{"count":3,"href":"https:\/\/researchchemworld.com\/pl\/wp-json\/wp\/v2\/product\/24334\/revisions"}],"predecessor-version":[{"id":25988,"href":"https:\/\/researchchemworld.com\/pl\/wp-json\/wp\/v2\/product\/24334\/revisions\/25988"}],"wp:featuredmedia":[{"embeddable":true,"href":"https:\/\/researchchemworld.com\/pl\/wp-json\/wp\/v2\/media\/29425"}],"wp:attachment":[{"href":"https:\/\/researchchemworld.com\/pl\/wp-json\/wp\/v2\/media?parent=24334"}],"wp:term":[{"taxonomy":"product_brand","embeddable":true,"href":"https:\/\/researchchemworld.com\/pl\/wp-json\/wp\/v2\/product_brand?post=24334"},{"taxonomy":"product_cat","embeddable":true,"href":"https:\/\/researchchemworld.com\/pl\/wp-json\/wp\/v2\/product_cat?post=24334"},{"taxonomy":"product_tag","embeddable":true,"href":"https:\/\/researchchemworld.com\/pl\/wp-json\/wp\/v2\/product_tag?post=24334"}],"curies":[{"name":"wp","href":"https:\/\/api.w.org\/{rel}","templated":true}]}}