{"id":24179,"date":"2025-04-13T17:41:13","date_gmt":"2025-04-13T17:41:13","guid":{"rendered":"https:\/\/researchchemworld.com\/?post_type=product&#038;p=24179"},"modified":"2026-02-25T17:12:41","modified_gmt":"2026-02-25T17:12:41","slug":"caixa-de-bromazolam-25mg","status":"publish","type":"product","link":"https:\/\/researchchemworld.com\/pt\/comprar\/b2b\/caixa-de-bromazolam-25mg\/","title":{"rendered":"Caixa RC+ Bromazolam 2,5mg"},"content":{"rendered":"<h1><strong>Caixa de Bromazolam 2,5 mg \u2013 Produtos Qu\u00edmicos de Pesquisa Qualitativa<\/strong><\/h1>\n<p class=\"ds-markdown-paragraph\"><strong>Nome do produto:<\/strong>\u00a0RC+ Bromazolam 2,5 mg por comprimido (Caixa)<br \/>\n<strong>Subst\u00e2ncia ativa principal:<\/strong><br \/>\n<strong>Conte\u00fado:<\/strong>\u00a02,5 mg por comprimido, embalado em uma caixa pr\u00e1tica<br \/>\n<strong>Adequado para:<\/strong>\u00a0Pesquisa cient\u00edfica (n\u00e3o para consumo humano)<a title=\"1V-LSD 150 MCG Blotters\" href=\"https:\/\/researchchemworld.com\/pt\/comprar\/lisergamidas\/1v-lsd-150-mcg-blotters\/\" target=\"_blank\" rel=\"noopener\">1V-LSD 150 MCG Blotters<\/a><\/p>\n<p class=\"ds-markdown-paragraph\">\u00e9 um produto qu\u00edmico de pesquisa pertencente \u00e0 classe dos benzodiazep\u00ednicos. \u00c9 conhecido por seus efeitos potenciais em estudos cient\u00edficos e \u00e9 vendido apenas para fins de pesquisa.<\/p>\n<h2><strong>Por que comprar RC+ 2,5 mg Box?<\/strong><\/h2>\n<p class=\"ds-markdown-paragraph\">\u2705\u00a0<strong>Alta qualidade:<\/strong>\u00a0Formulado de forma pura e consistente para resultados de pesquisa confi\u00e1veis.<br \/>\n\u2705\u00a0<strong>Dosado com precis\u00e3o:<\/strong>\u00a0Cada comprimido cont\u00e9m 2,5 mg de bromazolam para experimentos precisos.<br \/>\n\u2705\u00a0<strong>Embalado com seguran\u00e7a:<\/strong>\u00a0Embalagem discreta e profissional.<br \/>\n\u2705\u00a0<strong>Entrega r\u00e1pida:<\/strong>\u00a0Encomendou antes das 15h? Geralmente enviado no mesmo dia!<a title=\"Pellets de 2-CMC 250 mg\" href=\"https:\/\/researchchemworld.com\/pt\/comprar\/catinonas\/%f0%9f%92%a1-po-cristalino-de-2-mmc-para-todas-as-perguntas-e-respostas-sobre-compra\/\" target=\"_blank\" rel=\"noopener\">Pellets de 2-CMC 250 mg<\/a><\/p>\n<h2><strong>Informa\u00e7\u00f5es importantes de uso<\/strong><\/h2>\n<p class=\"ds-markdown-paragraph\">\u26a0\ufe0f\u00a0<strong>Somente para fins de pesquisa<\/strong>\u00a0\u2013 N\u00e3o se destina ao consumo humano ou animal.<br \/>\n\u26a0\ufe0f\u00a0<strong>Conselhos de armazenamento:<\/strong>\u00a0Mantenha seco e fora do alcance de crian\u00e7as.<\/p>\n<h2><strong>Pe\u00e7a agora RC+ Caixa de 2,5 mg<\/strong><\/h2>\n<p class=\"ds-markdown-paragraph\">Voc\u00ea \u00e9 um pesquisador em busca de produtos qu\u00edmicos de alta qualidade para pesquisa? Ent\u00e3o pe\u00e7a hoje mesmo\u00a0<strong>Caixa RC+ 2,5mg<\/strong>\u00a0e receba seu produto rapidamente!<a title=\"6-CL-ADBA\" href=\"https:\/\/researchchemworld.com\/pt\/comprar\/quase-proibido\/6-cl-adba\/\" target=\"_blank\" rel=\"noopener\">6-CL-ADBA<\/a><\/p>","protected":false},"excerpt":{"rendered":"<p>Caixa de Bromazolam 2,5 mg \u2013 Produtos Qu\u00edmicos de Pesquisa Qualitativa Nome do produto: RC+ Bromazolam 2,5 mg por comprimido (Caixa) Ingrediente ativo principal: Conte\u00fado: 2,5 mg por comprimido, embalado em uma<\/p>","protected":false},"featured_media":29428,"comment_status":"closed","ping_status":"closed","template":"","meta":[],"product_brand":[82],"product_cat":[555],"product_tag":[174,183,184,176,175,178,177,180,326,179],"class_list":{"0":"post-24179","1":"product","2":"type-product","3":"status-publish","4":"has-post-thumbnail","6":"product_brand-research-chemical","7":"product_cat-b2b","8":"product_tag-bromazolam","9":"product_tag-bromazolam-bijwerkingen","10":"product_tag-bromazolam-dosing","11":"product_tag-bromazolam-ervaringen","12":"product_tag-bromazolam-kopen","13":"product_tag-bromazolam-na-drugs","14":"product_tag-bromazolam-psychonaut","15":"product_tag-hoe-lang-werkt-bromazolam","16":"product_tag-nl","17":"product_tag-wat-is-bromazolam","19":"first","20":"instock","21":"taxable","22":"shipping-taxable","23":"purchasable","24":"product-type-variable"},"_links":{"self":[{"href":"https:\/\/researchchemworld.com\/pt\/wp-json\/wp\/v2\/product\/24179","targetHints":{"allow":["GET"]}}],"collection":[{"href":"https:\/\/researchchemworld.com\/pt\/wp-json\/wp\/v2\/product"}],"about":[{"href":"https:\/\/researchchemworld.com\/pt\/wp-json\/wp\/v2\/types\/product"}],"replies":[{"embeddable":true,"href":"https:\/\/researchchemworld.com\/pt\/wp-json\/wp\/v2\/comments?post=24179"}],"version-history":[{"count":5,"href":"https:\/\/researchchemworld.com\/pt\/wp-json\/wp\/v2\/product\/24179\/revisions"}],"predecessor-version":[{"id":26024,"href":"https:\/\/researchchemworld.com\/pt\/wp-json\/wp\/v2\/product\/24179\/revisions\/26024"}],"wp:featuredmedia":[{"embeddable":true,"href":"https:\/\/researchchemworld.com\/pt\/wp-json\/wp\/v2\/media\/29428"}],"wp:attachment":[{"href":"https:\/\/researchchemworld.com\/pt\/wp-json\/wp\/v2\/media?parent=24179"}],"wp:term":[{"taxonomy":"product_brand","embeddable":true,"href":"https:\/\/researchchemworld.com\/pt\/wp-json\/wp\/v2\/product_brand?post=24179"},{"taxonomy":"product_cat","embeddable":true,"href":"https:\/\/researchchemworld.com\/pt\/wp-json\/wp\/v2\/product_cat?post=24179"},{"taxonomy":"product_tag","embeddable":true,"href":"https:\/\/researchchemworld.com\/pt\/wp-json\/wp\/v2\/product_tag?post=24179"}],"curies":[{"name":"wp","href":"https:\/\/api.w.org\/{rel}","templated":true}]}}