{"id":24262,"date":"2025-04-13T17:41:21","date_gmt":"2025-04-13T17:41:21","guid":{"rendered":"https:\/\/researchchemworld.com\/?post_type=product&#038;p=24262"},"modified":"2026-02-25T16:53:38","modified_gmt":"2026-02-25T16:53:38","slug":"beta-k-2c-b-vrecko-3-pelety","status":"publish","type":"product","link":"https:\/\/researchchemworld.com\/sk\/obchod\/b2b\/beta-k-2c-b-vrecko-3-pelety\/","title":{"rendered":"RC+ Beta-k-2C-B vrecko 3 pelety"},"content":{"rendered":"<h2 class=\"ds-markdown-paragraph\"><strong>Beta-K-2C-B 3 pelety \u2013 Inovat\u00edvna v\u00fdskumn\u00e1 ch\u00e9mia fenetylam\u00ednu<\/strong><\/h2>\n<p class=\"ds-markdown-paragraph\"><strong>N\u00e1zov produktu:<\/strong>\u00a0RC+ Beta-K-2C-B (\u03b2k-2C-B) \u2013 3 pelety na vrecko<br \/>\n<strong>Kateg\u00f3ria:<\/strong>\u00a0V\u00fdskumn\u00e9 chemik\u00e1lie (trieda psychedelick\u00e9ho fenetylam\u00ednu)<br \/>\n<strong>Aplik\u00e1cia:<\/strong> Neuropsychologick\u00fd v\u00fdskum a \u0161t\u00fadie receptorov.<a title=\"2C-EF 2 mg kapsuly\" href=\"https:\/\/researchchemworld.com\/sk\/obchod\/fenetylamin\/2c-ef-2mg-kapsuly\/\" target=\"_blank\" rel=\"noopener\">2C-EF 2 mg kapsuly<\/a><\/p>\n<hr \/>\n<h3><strong>Vlastnosti produktu:<\/strong><\/h3>\n<p class=\"ds-markdown-paragraph\">\ud83d\udd2c\u00a0<strong>Vysoko \u010dist\u00e1 zl\u00fa\u010denina<\/strong>\u00a0(&gt;98% \u010distota)<br \/>\n\ud83d\udc8a\u00a0<strong>3 pelety na vrecko<\/strong>\u00a0(\u0161tandardn\u00e9 d\u00e1vkovanie)<br \/>\n\ud83d\udce6\u00a0<strong>V\u00e1kuovo uzavret\u00e9 balenie<\/strong>\u00a0pre optim\u00e1lnu stabilitu<br \/>\n\ud83d\udcca\u00a0<strong>Rozsiahla kontrola kvality<\/strong>\u00a0(HPLC a GC\/MS anal\u00fdza)<\/p>\n<h3><strong>Vedeck\u00fd v\u00fdznam:<\/strong><\/h3>\n<p class=\"ds-markdown-paragraph\">Beta-K-2C-B je zauj\u00edmav\u00e1 zl\u00fa\u010denina pre v\u00fdskum:<\/p>\n<ul>\n<li>\n<p class=\"ds-markdown-paragraph\">Interakcie s\u00e9roton\u00ednergn\u00fdch receptorov (5-HT2A\/2C)<\/p>\n<\/li>\n<li>\n<p class=\"ds-markdown-paragraph\">\u0160t\u00fadie vz\u0165ahu medzi \u0161trukt\u00farou a aktivitou (SAR).<\/p>\n<\/li>\n<li>\n<p class=\"ds-markdown-paragraph\">Porovn\u00e1vacia farmakodynamika s klasick\u00fdmi psychedelikami.<a title=\"2-CMC 250 mg pelety\" href=\"https:\/\/researchchemworld.com\/sk\/obchod\/katinony\/%f0%9f%92%a1-2-mmc-krystalicky-prasok-pre-vsetky-otazky-a-odpovede-na-nakup\/\" target=\"_blank\" rel=\"noopener\">2-CMC 250 mg pelety<\/a><\/p>\n<\/li>\n<\/ul>\n<p class=\"ds-markdown-paragraph\"><strong>D\u00f4le\u017eit\u00e1 pozn\u00e1mka:<\/strong><\/p>\n<ul>\n<li>\n<p class=\"ds-markdown-paragraph\">Len pre v\u00fdskum in vitro<\/p>\n<\/li>\n<li>\n<p class=\"ds-markdown-paragraph\">Nie je ur\u010den\u00e9 na \u013eudsk\u00fa\/zvieraciu spotrebu<\/p>\n<\/li>\n<li>\n<p class=\"ds-markdown-paragraph\">Nie je ur\u010den\u00e9 na lie\u010debn\u00e9 alebo rekrea\u010dn\u00e9 pou\u017eitie<\/p>\n<\/li>\n<\/ul>\n<hr \/>\n<h3><strong>Laborat\u00f3rna bezpe\u010dnos\u0165:<\/strong><\/h3>\n<p class=\"ds-markdown-paragraph\">\u26a0\u00a0<strong>\u0160tandardn\u00e9 protokoly:<\/strong><\/p>\n<ul>\n<li>\n<p class=\"ds-markdown-paragraph\">Pr\u00e1ca v klimatizovanom prostred\u00ed<\/p>\n<\/li>\n<li>\n<p class=\"ds-markdown-paragraph\">\u00dapln\u00e1 osobn\u00e1 ochrana (laborat\u00f3rny pl\u00e1\u0161\u0165, rukavice, ochrann\u00e9 okuliare).<a title=\"1V-LSD 150 MCG pijavice\" href=\"https:\/\/researchchemworld.com\/sk\/obchod\/lysergamidy\/1v-lsd-150-mcg-blotters\/\" target=\"_blank\" rel=\"noopener\">1V-LSD 150 MCG pijavice<\/a><\/p>\n<\/li>\n<li>\n<p class=\"ds-markdown-paragraph\">Vy\u017eaduje sa primeran\u00e9 vetranie<\/p>\n<\/li>\n<\/ul>\n<p class=\"ds-markdown-paragraph\">\u26a0\u00a0<strong>Pr\u00e1vny stav:<\/strong><\/p>\n<ul>\n<li>\n<p class=\"ds-markdown-paragraph\">Mo\u017eno regulovan\u00e9 ako NPS (nov\u00e1 psychoakt\u00edvna l\u00e1tka)<\/p>\n<\/li>\n<li>\n<p class=\"ds-markdown-paragraph\">V\u00fdskumn\u00edci by si mali overi\u0165 miestne z\u00e1kony<\/p>\n<\/li>\n<li>\n<p class=\"ds-markdown-paragraph\">Pln\u00e1 zodpovednos\u0165 s kupuj\u00facim<\/p>\n<\/li>\n<\/ul>\n<hr \/>\n<h3><strong>V\u00fdhody v\u00fdskumu:<\/strong><\/h3>\n<p class=\"ds-markdown-paragraph\">\u2705\u00a0<strong>Konzistentn\u00e1 kvalita<\/strong>\u00a0na v\u00fdrobn\u00fa d\u00e1vku<br \/>\n\u2705\u00a0<strong>Mal\u00e9 mno\u017estv\u00e1<\/strong>\u00a0pre pilotn\u00e9 \u0161t\u00fadie<br \/>\n\u2705\u00a0<strong>Vedeck\u00e1 dokument\u00e1cia<\/strong>\u00a0k dispoz\u00edcii<br \/>\n\u2705\u00a0<strong>Diskr\u00e9tna doprava<\/strong>\u00a0v r\u00e1mci E\u00da<\/p>","protected":false},"excerpt":{"rendered":"<p><strong>Synonymum:<\/strong> bk-2C-B<br \/>\n<strong>\u010c\u00edslo CAS:<\/strong><br \/>\n<strong>Vzorec:<\/strong> 2-amino-1-(4-br\u00f3m-2,5-dimetoxyfenyl)etan\u00f3n hydrochlorid<br \/>\n<strong>Mol\u00e1rna hmotnos\u0165:<\/strong> 296,6 g\/mol<br \/>\n<strong>\u010distota:<\/strong> &gt;97%<\/p>","protected":false},"featured_media":29427,"comment_status":"closed","ping_status":"closed","template":"","meta":[],"product_brand":[82],"product_cat":[555],"product_tag":[869,244,867,326,868],"class_list":{"0":"post-24262","1":"product","2":"type-product","3":"status-publish","4":"has-post-thumbnail","6":"product_brand-research-chemical","7":"product_cat-b2b","8":"product_tag-2c-b-analogon-pellets","9":"product_tag-beta-k-2c-b","10":"product_tag-beta-k-2c-b-onderzoek","11":"product_tag-nl","12":"product_tag-rc-psychedelische-fenethylamine","14":"first","15":"instock","16":"taxable","17":"shipping-taxable","18":"purchasable","19":"product-type-variable"},"_links":{"self":[{"href":"https:\/\/researchchemworld.com\/sk\/wp-json\/wp\/v2\/product\/24262","targetHints":{"allow":["GET"]}}],"collection":[{"href":"https:\/\/researchchemworld.com\/sk\/wp-json\/wp\/v2\/product"}],"about":[{"href":"https:\/\/researchchemworld.com\/sk\/wp-json\/wp\/v2\/types\/product"}],"replies":[{"embeddable":true,"href":"https:\/\/researchchemworld.com\/sk\/wp-json\/wp\/v2\/comments?post=24262"}],"version-history":[{"count":3,"href":"https:\/\/researchchemworld.com\/sk\/wp-json\/wp\/v2\/product\/24262\/revisions"}],"predecessor-version":[{"id":26004,"href":"https:\/\/researchchemworld.com\/sk\/wp-json\/wp\/v2\/product\/24262\/revisions\/26004"}],"wp:featuredmedia":[{"embeddable":true,"href":"https:\/\/researchchemworld.com\/sk\/wp-json\/wp\/v2\/media\/29427"}],"wp:attachment":[{"href":"https:\/\/researchchemworld.com\/sk\/wp-json\/wp\/v2\/media?parent=24262"}],"wp:term":[{"taxonomy":"product_brand","embeddable":true,"href":"https:\/\/researchchemworld.com\/sk\/wp-json\/wp\/v2\/product_brand?post=24262"},{"taxonomy":"product_cat","embeddable":true,"href":"https:\/\/researchchemworld.com\/sk\/wp-json\/wp\/v2\/product_cat?post=24262"},{"taxonomy":"product_tag","embeddable":true,"href":"https:\/\/researchchemworld.com\/sk\/wp-json\/wp\/v2\/product_tag?post=24262"}],"curies":[{"name":"pracovn\u00fd list","href":"https:\/\/api.w.org\/{rel}","templated":true}]}}