{"id":26118,"date":"2025-05-01T01:31:17","date_gmt":"2025-05-01T01:31:17","guid":{"rendered":"https:\/\/researchchemworld.com\/?post_type=product&#038;p=26118"},"modified":"2026-02-19T11:11:05","modified_gmt":"2026-02-19T11:11:05","slug":"semena-ibogy","status":"publish","type":"product","link":"https:\/\/researchchemworld.com\/sk\/obchod\/okategoriserad\/semena-ibogy\/","title":{"rendered":"Semen\u00e1 ibogy"},"content":{"rendered":"<h2>k\u00fapi\u0165 semen\u00e1 ibogy<\/h2>\n<p>K\u00fapte si semen\u00e1 Ibogy. Tabernanthe iboga je \u010dlenom \u010de\u013eade Apocynaceae, p\u00f4vodom z vlhk\u00fdch tropick\u00fdch oblast\u00ed z\u00e1padnej a strednej Afriky, najm\u00e4 Konga a Gabonu. Be\u017en\u00e9 n\u00e1zvy zah\u0155\u0148aj\u00fa Iboga, Eboka a Eboga. Tabernanthe je mal\u00fd rod zah\u0155\u0148aj\u00faci iba dva druhy, T.<a href=\"https:\/\/caluanieoxidizeshop.com\" target=\"_blank\" rel=\"noopener\">.<\/a> iboga a T. elliptica (tento druh m\u00e1 pich\u013eav\u00e9 plody podobn\u00e9 Datura spp.). Je zaznamenan\u00e9, \u017ee tieto dva druhy sa m\u00f4\u017eu kr\u00ed\u017eovo ope\u013eova\u0165 a vytv\u00e1ra\u0165 tak plodn\u00fd hybrid (<em>Iboga a Ibogaine, Nico Dauphin<\/em>). semen\u00e1 ibogy, semen\u00e1 ibogy tabernanthe, semen\u00e1 rastliny iboga, k\u00fapi\u0165 semen\u00e1 ibogy<\/p>\n<p>Tabernanthe s\u00fa dreviny, ktor\u00e9 s\u00fa endemick\u00e9 pre podrasty vlhk\u00fdch tropick\u00fdch lesov. Kr\u00edky Tabernanthe zvy\u010dajne dorastaj\u00fa do v\u00fd\u0161ky od pol metra do dvoch metrov. Kon\u00e1re sa vyskytuj\u00fa v p\u00e1roch a dve \u0161t\u00edhle, stopkat\u00e9 s\u00fakvetia sa objavuj\u00fa v p\u00e1roch tesne nad miestami rozvetvenia. Tabernanthe m\u00e1 tie\u017e listeny podobn\u00e9 kali\u0161n\u00fdm l\u00edstkom a n\u00e1padn\u00e9 jazvy po listoch. Rovnako ako u mnoh\u00fdch in\u00fdch \u010dlenov \u010de\u013eade Apocynaceae<a href=\"https:\/\/caluanieoxidizeshop.com\/product\/caluanie-muelear-oxidize-for-sale\/\" target=\"_blank\" rel=\"noopener\">,<\/a> Tabernanthe sa vyzna\u010duje mlie\u010dnou miazgou a v\u00fdskytom mnoh\u00fdch u\u017eito\u010dn\u00fdch alkaloidov v k\u00f4re, listoch a koreni (Iboga a Ibogain, Nico Dauphin). <a href=\"https:\/\/researchchemworld.com\/sk\/obchod\/top-10-research-chemicals\/oxidacia-caluanie-muelear\/\">Caluanie Muelear Oxid\u00e1cia<\/a><a href=\"https:\/\/researchchemworld.com\/sk\/obchod\/vahy\/digitalna-cs-vaha-100g-x-0-01g\/\">Digit\u00e1lna CS v\u00e1ha \u2013 100 g x 0,01 g<\/a><a href=\"https:\/\/researchchemworld.com\/sk\/obchod\/top-10-research-chemicals\/posobenie-pyrazolamu\/\">Pyrazolam 2,5 MG pelety<\/a><a href=\"https:\/\/researchchemworld.com\/sk\/obchod\/vahy\/digitalna-mini-vaha-na-nadrz-20g-x-0-001g\/\">Mini v\u00e1ha digit\u00e1lneho tanku \u2013 20 g x 0,001 g<\/a><a href=\"https:\/\/researchchemworld.com\/sk\/obchod\/vahy\/digitalna-bio-mini-vaha-20g-x-0-001g\/\">Digit\u00e1lna bio mini v\u00e1ha \u2013 20g x 0,001g<\/a><\/p>","protected":false},"excerpt":{"rendered":"<p>$1 za kus ovocia, Minim\u00e1lna objedn\u00e1vka = 100 kusov ovocia<\/p>","protected":false},"featured_media":29373,"comment_status":"closed","ping_status":"closed","template":"","meta":[],"product_brand":[],"product_cat":[1085],"product_tag":[912,911,909,910],"class_list":{"0":"post-26118","1":"product","2":"type-product","3":"status-publish","4":"has-post-thumbnail","6":"product_cat-okategoriserad","7":"product_tag-buy-iboga-seeds","8":"product_tag-iboga-plant-seeds","9":"product_tag-iboga-seeds","10":"product_tag-tabernanthe-iboga-seeds","12":"first","13":"instock","14":"taxable","15":"shipping-taxable","16":"purchasable","17":"product-type-simple"},"_links":{"self":[{"href":"https:\/\/researchchemworld.com\/sk\/wp-json\/wp\/v2\/product\/26118","targetHints":{"allow":["GET"]}}],"collection":[{"href":"https:\/\/researchchemworld.com\/sk\/wp-json\/wp\/v2\/product"}],"about":[{"href":"https:\/\/researchchemworld.com\/sk\/wp-json\/wp\/v2\/types\/product"}],"replies":[{"embeddable":true,"href":"https:\/\/researchchemworld.com\/sk\/wp-json\/wp\/v2\/comments?post=26118"}],"version-history":[{"count":4,"href":"https:\/\/researchchemworld.com\/sk\/wp-json\/wp\/v2\/product\/26118\/revisions"}],"predecessor-version":[{"id":26155,"href":"https:\/\/researchchemworld.com\/sk\/wp-json\/wp\/v2\/product\/26118\/revisions\/26155"}],"wp:featuredmedia":[{"embeddable":true,"href":"https:\/\/researchchemworld.com\/sk\/wp-json\/wp\/v2\/media\/29373"}],"wp:attachment":[{"href":"https:\/\/researchchemworld.com\/sk\/wp-json\/wp\/v2\/media?parent=26118"}],"wp:term":[{"taxonomy":"product_brand","embeddable":true,"href":"https:\/\/researchchemworld.com\/sk\/wp-json\/wp\/v2\/product_brand?post=26118"},{"taxonomy":"product_cat","embeddable":true,"href":"https:\/\/researchchemworld.com\/sk\/wp-json\/wp\/v2\/product_cat?post=26118"},{"taxonomy":"product_tag","embeddable":true,"href":"https:\/\/researchchemworld.com\/sk\/wp-json\/wp\/v2\/product_tag?post=26118"}],"curies":[{"name":"pracovn\u00fd list","href":"https:\/\/api.w.org\/{rel}","templated":true}]}}