{"id":27570,"date":"2025-09-23T07:05:38","date_gmt":"2025-09-23T07:05:38","guid":{"rendered":"https:\/\/researchchemworld.com\/?post_type=product&#038;p=27570"},"modified":"2026-02-19T10:58:40","modified_gmt":"2026-02-19T10:58:40","slug":"kupit-4mmc","status":"publish","type":"product","link":"https:\/\/researchchemworld.com\/sk\/obchod\/okategoriserad\/kupit-4mmc\/","title":{"rendered":"k\u00fapi\u0165 4mmc"},"content":{"rendered":"<h1 data-start=\"660\" data-end=\"708\"><strong data-start=\"662\" data-end=\"706\">4-MMC (mefedr\u00f3n) \u2013 Profil l\u00e1tky a naj\u010dastej\u0161ie ot\u00e1zky<\/strong><\/h1>\n<h3 data-start=\"710\" data-end=\"732\"><strong data-start=\"714\" data-end=\"730\">Popis<\/strong><\/h3>\n<p data-start=\"733\" data-end=\"1149\">K\u00fapi\u0165 4mmc, 4-MMC, inak bekannt als <strong data-start=\"757\" data-end=\"770\">Mefedr\u00f3n<\/strong>, s\u00favisiace so syntetickou skupinou <strong data-start=\"808\" data-end=\"821\">Katin\u00f3n<\/strong>Samotn\u00fd Es p\u00f4sob\u00ed s psychoakt\u00edvnou l\u00e1tkou, ktor\u00e1 sa v roku 2000 pou\u017e\u00edvala ako sogenannte <strong data-start=\"910\" data-end=\"933\">V\u00fdskumn\u00e1 chemik\u00e1lia<\/strong> (RC) auftauchte. Aufgrund ihrer <strong data-start=\"966\" data-end=\"1009\">stimula\u010dn\u00fd a empatog\u00e9nny \u00fa\u010dinok<\/strong> Ak by konali ako \u201eleg\u00e1lne drogy\u201c, boli by chr\u00e1nen\u00ed v spolkovej krajine a tie\u017e v Nemecku. <strong data-start=\"1117\" data-end=\"1140\">z\u00e1konom zak\u00e1zan\u00e9<\/strong> stal sa.<\/p>\n<p data-start=\"1151\" data-end=\"1386\">Mefedr\u00f3n je chemicky pr\u00edbuzn\u00fd. <strong data-start=\"1187\" data-end=\"1203\">Amfetam\u00edny<\/strong> a <strong data-start=\"1208\" data-end=\"1216\">MDMA<\/strong> a hovor\u00edme si, \u017ee je to vysok\u00e1 forma <strong data-start=\"1245\" data-end=\"1280\">Pr\u00e1\u0161ok, kry\u0161t\u00e1ly alebo kapsuly<\/strong> ponuky. Dnes je tie\u017e pozl\u00e1ten\u00e9 <strong data-start=\"1310\" data-end=\"1328\">neleg\u00e1lne such\u00e9<\/strong> s dobr\u00fdm rizikom pre zdravie a pohodu.<\/p>\n<h3 data-start=\"1393\" data-end=\"1432\"><strong data-start=\"1397\" data-end=\"1430\">\u00da\u010dinok 4-MMC (mefedr\u00f3nu)<\/strong><\/h3>\n<p data-start=\"1433\" data-end=\"1503\">Pr\u00e1ca je najd\u00f4le\u017eitej\u0161ia <strong data-start=\"1455\" data-end=\"1468\">kr\u00e1tkodob\u00fd<\/strong> a \u010fal\u0161ie stimula\u010dn\u00e9 l\u00e1tky:<\/p>\n<ul data-start=\"1504\" data-end=\"1691\">\n<li data-start=\"1504\" data-end=\"1549\">\n<p data-start=\"1506\" data-end=\"1549\">V\u00fd\u0161ka <strong data-start=\"1514\" data-end=\"1526\">Euf\u00f3ria<\/strong> a <strong data-start=\"1531\" data-end=\"1547\">Spolo\u010denskos\u0165<\/strong><\/p>\n<\/li>\n<li data-start=\"1550\" data-end=\"1616\">\n<p data-start=\"1552\" data-end=\"1616\">Intenz\u00edvne kurzy <strong data-start=\"1563\" data-end=\"1579\">Wohlbefinden<\/strong> a le\u0161en\u00e9 <strong data-start=\"1596\" data-end=\"1614\">konverza\u010dn\u00e9 schopnosti<\/strong><\/p>\n<\/li>\n<li data-start=\"1617\" data-end=\"1659\">\n<p data-start=\"1619\" data-end=\"1659\">V\u00fd\u0161ka <strong data-start=\"1627\" data-end=\"1657\">Srdcov\u00e1 frekvencia a krvn\u00fd tlak<\/strong><\/p>\n<\/li>\n<li data-start=\"1660\" data-end=\"1691\">\n<p data-start=\"1662\" data-end=\"1691\">Stla\u010denie m\u00fadrosti<\/p>\n<\/li>\n<\/ul>\n<h3 data-start=\"1698\" data-end=\"1732\"><strong data-start=\"1702\" data-end=\"1730\">Rizik\u00e1 a nev\u00fdhody<\/strong><\/h3>\n<p data-start=\"1733\" data-end=\"1813\">Der Konsum von Mephedron ist mit <strong data-start=\"1766\" data-end=\"1800\">v\u00e1\u017ene zdravotn\u00e9 rizik\u00e1<\/strong> pripojen\u00e9:<\/p>\n<ul data-start=\"1814\" data-end=\"2094\">\n<li data-start=\"1814\" data-end=\"1893\">\n<p data-start=\"1816\" data-end=\"1893\"><strong data-start=\"1816\" data-end=\"1844\">Da\u0148 z okr\u00fahlych srdc\u00ed<\/strong> (Herzrasen, Bluthochdruck, Herzinfarkt-Risiko)<\/p>\n<\/li>\n<li data-start=\"1894\" data-end=\"1965\">\n<p data-start=\"1896\" data-end=\"1965\"><strong data-start=\"1896\" data-end=\"1918\">Psychick\u00e9 \u00fa\u010dinky<\/strong> ako Angstzust\u00e4nde, Paranoia, Schlaflosigkeit<\/p>\n<\/li>\n<li data-start=\"1966\" data-end=\"2020\">\n<p data-start=\"1968\" data-end=\"2020\"><strong data-start=\"1968\" data-end=\"1994\">Potenci\u00e1l z\u00e1vesu<\/strong> pri be\u017enej spotrebe<\/p>\n<\/li>\n<li data-start=\"2021\" data-end=\"2094\">\n<p data-start=\"2023\" data-end=\"2094\"><strong data-start=\"2023\" data-end=\"2053\">Ak\u00fatna odolnos\u0165 vo\u010di dopyte<\/strong> durch unsichere Cleanheit und Dosierung<\/p>\n<\/li>\n<\/ul>\n<h3 data-start=\"2101\" data-end=\"2136\"><strong data-start=\"2105\" data-end=\"2134\">S\u00fadne konania v Nemecku<\/strong><\/h3>\n<ul data-start=\"2137\" data-end=\"2384\">\n<li data-start=\"2137\" data-end=\"2232\">\n<p data-start=\"2139\" data-end=\"2232\">4-MMC s\u00eddli v Nemecku <strong data-start=\"2164\" data-end=\"2175\">neleg\u00e1lny<\/strong> a pad\u00e1 pod tou <strong data-start=\"2196\" data-end=\"2229\">Z\u00e1kon o poplatkoch za slu\u017eby (BtMG)<\/strong>.<\/p>\n<\/li>\n<li data-start=\"2233\" data-end=\"2287\">\n<p data-start=\"2235\" data-end=\"2287\">Besitz, Handel alebo Herstellung sind <strong data-start=\"2272\" data-end=\"2284\">trestn\u00e9<\/strong>.<\/p>\n<\/li>\n<li data-start=\"2288\" data-end=\"2384\">\n<p data-start=\"2290\" data-end=\"2384\">Der Kauf (&quot;k\u00fapi\u0165&quot;) im Internet ist <strong data-start=\"2325\" data-end=\"2343\">z\u00e1konn\u00fd n\u00e1rok<\/strong> a m\u00f4\u017ee by\u0165 trestne st\u00edhan\u00fd.<\/p>\n<\/li>\n<\/ul>\n<h2 data-start=\"2391\" data-end=\"2450\"><strong data-start=\"2394\" data-end=\"2448\">Z\u00e1kladn\u00e9 inform\u00e1cie (FAQ) o 4-MMC (mefedr\u00f3n)<\/strong><\/h2>\n<p data-start=\"2452\" data-end=\"2575\"><strong data-start=\"2452\" data-end=\"2473\">1. Bol to 4-MMC?<\/strong><br data-start=\"2473\" data-end=\"2476\" \/>4-MMC (mefedron) je syntetick\u00e1 such\u00e1 l\u00e1tka zo skupiny <strong data-start=\"2541\" data-end=\"2572\">kathinonhaltigen Substanzen<\/strong>.<\/p>\n<p data-start=\"2577\" data-end=\"2779\"><strong data-start=\"2577\" data-end=\"2609\">2. Pre\u010do je 4-MMC zak\u00e1zan\u00e9?<\/strong><br data-start=\"2609\" data-end=\"2612\" \/>Sp\u00f4soby <strong data-start=\"2622\" data-end=\"2707\">zdravotn\u00e9 rizik\u00e1, zdravotn\u00e9 v\u00fdhody a lek\u00e1rska starostlivos\u0165<\/strong> boli n\u00e1jden\u00e9 v krajin\u00e1ch pod\u013ea pr\u00e1vnych predpisov upravuj\u00facich legislat\u00edvu.<\/p>\n<p data-start=\"2781\" data-end=\"2914\"><strong data-start=\"2781\" data-end=\"2817\">3. Ako sa u\u017e\u00edva mefedron?<\/strong><br data-start=\"2817\" data-end=\"2820\" \/>Funguje to <strong data-start=\"2829\" data-end=\"2876\">stimuluj\u00face, euforick\u00e9 a empatick\u00e9<\/strong>, tie\u017e s MDMA alebo amfetam\u00ednom.<\/p>\n<p data-start=\"2916\" data-end=\"3090\"><strong data-start=\"2916\" data-end=\"2958\">4. Ako pohodlne sa c\u00edtite?<\/strong><br data-start=\"2958\" data-end=\"2961\" \/>Ne\u017eiaduce \u00fa\u010dinky v oblastiach <strong data-start=\"2988\" data-end=\"3022\">Herzrasen, \u00dcbelkeit, Schwitzen<\/strong> jeho zu <strong data-start=\"3034\" data-end=\"3059\">psychick\u00e9 poruchy<\/strong> ako \u00fazkos\u0165 alebo agresia.<\/p>\n<p data-start=\"3092\" data-end=\"3224\"><strong data-start=\"3092\" data-end=\"3130\">5. Je 4-MMC v Nemecku leg\u00e1lny?<\/strong><br data-start=\"3130\" data-end=\"3133\" \/>Nie, mefedron je v Nemecku. <strong data-start=\"3168\" data-end=\"3187\">pr\u00edsne zak\u00e1zan\u00e9<\/strong>. Besitz und Verkauf sa trest\u00e1 z\u00e1konom.<\/p>\n<p data-start=\"3226\" data-end=\"3495\"><strong data-start=\"3226\" data-end=\"3261\">6. S\u00fa k dispoz\u00edcii leg\u00e1lne alternat\u00edvy?<\/strong><br data-start=\"3261\" data-end=\"3264\" \/>Neexistuje <strong data-start=\"3284\" data-end=\"3322\">bezpe\u010dn\u00e9 alebo leg\u00e1lne n\u00e1hradn\u00e9 l\u00e1tky<\/strong> s rovnak\u00fdmi pracovn\u00fdmi met\u00f3dami. Seri\u00f6se Beratung empfiehlt ausschlie\u00dflich <strong data-start=\"3390\" data-end=\"3414\">zdrav\u00e9 alternat\u00edvy<\/strong> wie Sport, Ern\u00e4hrung und psychologische Unterst\u00fctzung zur Stimmungsaufhellung.<\/p>","protected":false},"excerpt":{"rendered":"<p>4-MMC (Mephedron) \u2013 Substanzprofil &amp; FAQ Beschreibung 4mmc kopen, 4-MMC, auch bekannt als Mephedron, geh\u00f6rt zur Gruppe der synthetischen Cathinone.<\/p>","protected":false},"featured_media":29270,"comment_status":"open","ping_status":"closed","template":"","meta":[],"product_brand":[],"product_cat":[1085],"product_tag":[],"class_list":{"0":"post-27570","1":"product","2":"type-product","3":"status-publish","4":"has-post-thumbnail","6":"product_cat-okategoriserad","8":"first","9":"instock","10":"taxable","11":"shipping-taxable","12":"purchasable","13":"product-type-variable"},"_links":{"self":[{"href":"https:\/\/researchchemworld.com\/sk\/wp-json\/wp\/v2\/product\/27570","targetHints":{"allow":["GET"]}}],"collection":[{"href":"https:\/\/researchchemworld.com\/sk\/wp-json\/wp\/v2\/product"}],"about":[{"href":"https:\/\/researchchemworld.com\/sk\/wp-json\/wp\/v2\/types\/product"}],"replies":[{"embeddable":true,"href":"https:\/\/researchchemworld.com\/sk\/wp-json\/wp\/v2\/comments?post=27570"}],"version-history":[{"count":3,"href":"https:\/\/researchchemworld.com\/sk\/wp-json\/wp\/v2\/product\/27570\/revisions"}],"predecessor-version":[{"id":29159,"href":"https:\/\/researchchemworld.com\/sk\/wp-json\/wp\/v2\/product\/27570\/revisions\/29159"}],"wp:featuredmedia":[{"embeddable":true,"href":"https:\/\/researchchemworld.com\/sk\/wp-json\/wp\/v2\/media\/29270"}],"wp:attachment":[{"href":"https:\/\/researchchemworld.com\/sk\/wp-json\/wp\/v2\/media?parent=27570"}],"wp:term":[{"taxonomy":"product_brand","embeddable":true,"href":"https:\/\/researchchemworld.com\/sk\/wp-json\/wp\/v2\/product_brand?post=27570"},{"taxonomy":"product_cat","embeddable":true,"href":"https:\/\/researchchemworld.com\/sk\/wp-json\/wp\/v2\/product_cat?post=27570"},{"taxonomy":"product_tag","embeddable":true,"href":"https:\/\/researchchemworld.com\/sk\/wp-json\/wp\/v2\/product_tag?post=27570"}],"curies":[{"name":"pracovn\u00fd list","href":"https:\/\/api.w.org\/{rel}","templated":true}]}}