{"id":24259,"date":"2025-04-13T17:41:21","date_gmt":"2025-04-13T17:41:21","guid":{"rendered":"https:\/\/researchchemworld.com\/?post_type=product&#038;p=24259"},"modified":"2026-02-25T16:51:54","modified_gmt":"2026-02-25T16:51:54","slug":"kupiti-newphoria","status":"publish","type":"product","link":"https:\/\/researchchemworld.com\/sl\/trgovina\/medpodjetniski-odnos\/kupiti-newphoria\/","title":{"rendered":"RC+ Newphoria vre\u010dka 3 pelete"},"content":{"rendered":"<h2><span data-sheets-value=\"{\" data-sheets-userformat=\"{\"><strong>Kupite Newphoria 2\/3-FEA 35 MG\/100MG vre\u010dko s 3 peletami<\/strong> <\/span><\/h2>\n<p class=\"ds-markdown-paragraph\"><strong>Ime izdelka:<\/strong> Kupite RC+ Newphoria (nova entaktogena spojina) \u2013 3 pelete na vre\u010dko<br \/>\n<strong>Kategorija:<\/strong>\u00a0Raziskovalne kemikalije (razred entaktogenov)<br \/>\n<strong>Podro\u010dje uporabe:<\/strong>\u00a0Nevropsiholo\u0161ke in farmakolo\u0161ke raziskave<\/p>\n<hr \/>\n<h3><strong>Zna\u010dilnosti izdelka:<\/strong><\/h3>\n<p class=\"ds-markdown-paragraph\">\ud83d\udd2c\u00a0<strong>Napredna formulacija<\/strong>\u00a0\u2013 Razvito za dosledne rezultate raziskav<br \/>\n\ud83d\udc8a\u00a0<strong>3 peleti na vre\u010dko<\/strong>\u00a0\u2013 Idealno za pilotne \u0161tudije in raziskave odmerka in odziva<br \/>\n\ud83d\udce6\u00a0<strong>Patentirana embala\u017ea brez kisika<\/strong>\u00a0\u2013 Zagotavlja dolgoro\u010dno stabilnost<br \/>\n\ud83d\udcca\u00a0<strong>Analiza celotnega spektra<\/strong> \u2013 Na voljo so poro\u010dila o testih GC\/MS in HPLC.<a title=\"1V-LSD 150 MCG pivniki\" href=\"https:\/\/researchchemworld.com\/sl\/trgovina\/lisergamidi\/1v-lsd-150-mcg-blotters\/\" target=\"_blank\" rel=\"noopener\">1V-LSD 150 MCG pivniki<\/a><\/p>\n<h3><strong>O Newforiji:<\/strong><\/h3>\n<p class=\"ds-markdown-paragraph\">Inovativna raziskovalna spojina z edinstvenimi farmakolo\u0161kimi lastnostmi, pomembna za:<\/p>\n<ul>\n<li>\n<p class=\"ds-markdown-paragraph\">Mehanizmi spro\u0161\u010danja nevrotransmiterjev<\/p>\n<\/li>\n<li>\n<p class=\"ds-markdown-paragraph\">\u0160tudije receptorske afinitete (SERT, DAT)<\/p>\n<\/li>\n<li>\n<p class=\"ds-markdown-paragraph\">Primerjalne raziskave s klasi\u010dnimi entaktogeni<\/p>\n<\/li>\n<\/ul>\n<p class=\"ds-markdown-paragraph\"><strong>Kriti\u010dna opomba:<\/strong><\/p>\n<ul>\n<li>\n<p class=\"ds-markdown-paragraph\">Samo za znanstvene raziskave in vitro<\/p>\n<\/li>\n<li>\n<p class=\"ds-markdown-paragraph\">Nikakor ni primerno za biolo\u0161ke teste (ljudi\/\u017eivali).<\/p>\n<\/li>\n<li>\n<p class=\"ds-markdown-paragraph\">Brez potro\u0161ni\u0161kih aplikacij.<a title=\"6-CL-ADBA\" href=\"https:\/\/researchchemworld.com\/sl\/trgovina\/skoraj-prepovedano\/6-cl-adba\/\" target=\"_blank\" rel=\"noopener\">6-CL-ADBA<\/a><\/p>\n<\/li>\n<\/ul>\n<hr \/>\n<h3><strong>Varnostni protokoli:<\/strong><\/h3>\n<p class=\"ds-markdown-paragraph\">\u26a0\u00a0<strong>Laboratorijske zahteve:<\/strong><\/p>\n<ul>\n<li>\n<p class=\"ds-markdown-paragraph\">Priporo\u010dena varnostna omara razreda II<\/p>\n<\/li>\n<li>\n<p class=\"ds-markdown-paragraph\">Popolna osebna za\u0161\u010ditna oprema (laboratorijska halja, rokavice, za\u0161\u010dita za o\u010di)<\/p>\n<\/li>\n<li>\n<p class=\"ds-markdown-paragraph\">Delo v pogojenem okolju<\/p>\n<\/li>\n<\/ul>\n<p class=\"ds-markdown-paragraph\">\u26a0\u00a0<strong>Regulativni status:<\/strong><\/p>\n<ul>\n<li>\n<p class=\"ds-markdown-paragraph\">Status nizozemskega zakona o opiju: Nova psihoaktivna snov (NPS)<\/p>\n<\/li>\n<li>\n<p class=\"ds-markdown-paragraph\">Seznam EU za spremljanje drog (morda reguliran)<\/p>\n<\/li>\n<li>\n<p class=\"ds-markdown-paragraph\">Raziskovalne ustanove bi morale preveriti lastno skladnost.<a title=\"2-CMC 250 mg peleti\" href=\"https:\/\/researchchemworld.com\/sl\/trgovina\/katinoni\/kupi-2-cmc\/\" target=\"_blank\" rel=\"noopener\">2-CMC 250 mg peleti<\/a><\/p>\n<\/li>\n<\/ul>\n<hr \/>\n<h3><strong>Prednosti raziskav:<\/strong><\/h3>\n<p class=\"ds-markdown-paragraph\">\u2705\u00a0<strong>Prelomna formula<\/strong>\u00a0\u2013 Edinstvena kemi\u010dna arhitektura<br \/>\n\u2705\u00a0<strong>Mo\u017enosti mikrodoziranja<\/strong>\u00a0- Mo\u017enost natan\u010dnih raziskav<br \/>\n\u2705\u00a0<strong>Znanstvena podpora<\/strong>\u00a0\u2013 Tehni\u010dna datoteka na voljo<br \/>\n\u2705\u00a0<strong>Hitra logistika v EU<\/strong>\u00a0\u2013 Certificirane laboratorijske po\u0161iljke<\/p>","protected":false},"excerpt":{"rendered":"<p><strong>\u0160tevilka CAS<\/strong>: 1780004-19-4<br \/>\n<strong>Formula<\/strong>C11H16FN<br \/>\n<strong>Molska masa<\/strong>: 181,25 g\/mol<br \/>\n<strong>\u010cistost<\/strong>: \u226598%<\/p>","protected":false},"featured_media":29442,"comment_status":"closed","ping_status":"closed","template":"","meta":[],"product_brand":[82],"product_cat":[555],"product_tag":[843,840,844,841,845,846,842,866,865,839,326],"class_list":{"0":"post-24259","1":"product","2":"type-product","3":"status-publish","4":"has-post-thumbnail","6":"product_brand-research-chemical","7":"product_cat-b2b","8":"product_tag-100mg-newphoria-review","9":"product_tag-2-fea-3-fea-research-chemical","10":"product_tag-2-fea-stimulant-effect","11":"product_tag-2-3-fea-ervaring","12":"product_tag-3-fea-comparison","13":"product_tag-fluorinated-amphetamines","14":"product_tag-newphoria-35mg-pellets","15":"product_tag-newphoria-drug","16":"product_tag-newphoria-kopen","17":"product_tag-newphoria-pellets","18":"product_tag-nl","20":"first","21":"instock","22":"taxable","23":"shipping-taxable","24":"purchasable","25":"product-type-variable"},"_links":{"self":[{"href":"https:\/\/researchchemworld.com\/sl\/wp-json\/wp\/v2\/product\/24259","targetHints":{"allow":["GET"]}}],"collection":[{"href":"https:\/\/researchchemworld.com\/sl\/wp-json\/wp\/v2\/product"}],"about":[{"href":"https:\/\/researchchemworld.com\/sl\/wp-json\/wp\/v2\/types\/product"}],"replies":[{"embeddable":true,"href":"https:\/\/researchchemworld.com\/sl\/wp-json\/wp\/v2\/comments?post=24259"}],"version-history":[{"count":3,"href":"https:\/\/researchchemworld.com\/sl\/wp-json\/wp\/v2\/product\/24259\/revisions"}],"predecessor-version":[{"id":26002,"href":"https:\/\/researchchemworld.com\/sl\/wp-json\/wp\/v2\/product\/24259\/revisions\/26002"}],"wp:featuredmedia":[{"embeddable":true,"href":"https:\/\/researchchemworld.com\/sl\/wp-json\/wp\/v2\/media\/29442"}],"wp:attachment":[{"href":"https:\/\/researchchemworld.com\/sl\/wp-json\/wp\/v2\/media?parent=24259"}],"wp:term":[{"taxonomy":"product_brand","embeddable":true,"href":"https:\/\/researchchemworld.com\/sl\/wp-json\/wp\/v2\/product_brand?post=24259"},{"taxonomy":"product_cat","embeddable":true,"href":"https:\/\/researchchemworld.com\/sl\/wp-json\/wp\/v2\/product_cat?post=24259"},{"taxonomy":"product_tag","embeddable":true,"href":"https:\/\/researchchemworld.com\/sl\/wp-json\/wp\/v2\/product_tag?post=24259"}],"curies":[{"name":"delovni list","href":"https:\/\/api.w.org\/{rel}","templated":true}]}}