{"id":24271,"date":"2025-04-13T17:41:22","date_gmt":"2025-04-13T17:41:22","guid":{"rendered":"https:\/\/researchchemworld.com\/?post_type=product&#038;p=24271"},"modified":"2026-02-25T16:47:36","modified_gmt":"2026-02-25T16:47:36","slug":"bromonordiazepam-25-mg-pelete","status":"publish","type":"product","link":"https:\/\/researchchemworld.com\/sl\/trgovina\/benzodiazepini\/bromonordiazepam-25-mg-pelete\/","title":{"rendered":"Bromonordiazepam 2,5 mg pelete"},"content":{"rendered":"<h2><span data-sheets-value=\"{\" data-sheets-userformat=\"{\">Bromonordiazepam 2,5 MG pelete<br \/>\n<\/span><\/h2>\n<p>To so najnovej\u0161e pelete v ponudbi Professor.nl! Te pelete vsebujejo 2,5 mg aktivne sestavine (bromonordiazepam 2,5 mg). bromonordiazepam, u\u010dinki bromonordiazepama, forum o zdravilu bromonordiazepam, izku\u0161nje z bromonordiazepamom, forum o zdravilu bromonordiazepam<\/p>\n<p><strong>Te 2,5 mg bromonordiazepam pelete so proizvedene interno in so najvi\u0161je kakovosti. Vsebujejo 2,5 miligrama aktivne sestavine (bromonordiazepam). Vsaka peleta ima premer pribli\u017eno 8 mm z zarezo. Te bromonordiazepam pelete so pakirane v pretisne omote po 10, da se zagotovi sve\u017eina, naro\u010dila 5 ali ve\u010d pretisnih omotov pa so dostavljena v priro\u010dni \u0161katli.\u00a0<\/strong><\/p>\n<p>Bromonordiazepam je snov, ki se prodaja le v raziskovalne namene in zato ni namenjena za u\u017eivanje.<a href=\"https:\/\/researchchemworld.com\/sl\/trgovina\/katinoni\/kupi-2-cmc\/\">2-CMC 250 mg peleti<\/a> , ,<a href=\"https:\/\/researchchemworld.com\/sl\/trgovina\/pellets\/erextc-homosildenafil-100-mg-peleti\/\">EREXTC Homosildenafil 100 mg peleti<\/a>\u00a0 ,\u00a0 <a href=\"https:\/\/researchchemworld.com\/sl\/trgovina\/prepovedano\/mdphp-kopen-poeder-freebase\/\">MDPHP pra\u0161ek (prosta baza)<\/a><\/p>\n<p>Bromonordiazepam ostane stabilen do 2 leti, \u010de je shranjen v ustreznem okolju. Bromonordiazepam je namenjen raziskovalnim namenom in ne za u\u017eivanje. Zato je pomembno, da izdelek hranite izven dosega otrok in hi\u0161nih ljubljen\u010dkov.<\/p>\n<p>Ponujamo visokokakovostne raziskovalne kemikalije po po\u0161teni ceni. Va\u0161e naro\u010dilo bo odposlano v 24 urah vsak dan. Naro\u010dite zdaj! <em>Bromonordiazepam<\/em> varno in hitro prek p<\/p>\n<h2>Kaj je bromonordiazepam?<\/h2>\n<p>Bromonordiazepam je psihoaktivna snov, ki spada v razred benzodiazepinov in se pogosto predpisuje zaradi svojih sedativnih in anksioliti\u010dnih lastnosti. Je derivat benzodiazepina diazepama, na molekulo katerega je vezan atom broma.<\/p>\n<p>Bromonordiazepam, ki je benzodiazepin, deluje na centralni \u017eiv\u010dni sistem tako, da se ve\u017ee na receptorje GABA v mo\u017eganih. To vodi do pove\u010dane aktivnosti zaviralnega nevrotransmiterja GABA, ki ima pomirjujo\u010d in spro\u0161\u010dujo\u010d u\u010dinek na telo in duha. Bromonordiazepam je relativno nov benzodiazepin in o njegovih dolgoro\u010dnih u\u010dinkih ali potencialu za zlorabo je znanega le malo. Za medicinsko uporabo se pogosto ne predpisuje in se uporablja predvsem kot raziskovalna kemikalija.<\/p>\n<p>Sinteza bromonordiazepama in drugih benzodiazepinov obi\u010dajno poteka v tajnih laboratorijih, zato ni mogo\u010de zagotoviti njihove \u010distosti in varnosti. Uporaba teh spojin brez zdravni\u0161kega nadzora je lahko nevarna in potencialno smrtno nevarna.<\/p>\n<h2>Kako je nastal bromonordiazapem?<\/h2>\n<p>Bromonordiazepam je derivat benzodiazepina diazepama, ki ga je v petdesetih letih prej\u0161njega stoletja prvi\u010d sintetiziralo farmacevtsko podjetje Hoffmann-La Roche. Diazepam je bil razvit kot izbolj\u0161ava obstoje\u010dih barbituratov, ki so se pogosto uporabljali kot pomirjevala, vendar so imeli veliko tveganje za preveliko odmerjanje in odvisnost.<\/p>\n<p>Diazepam je hitro postal priljubljen kot zdravilo na recept zaradi svojih pomirjeval in <a href=\"http:\/\/google.nl\" target=\"_blank\" rel=\"noopener\">anksiolitik<\/a> lastnosti in se je tr\u017eil pod blagovno znamko Valium. Njegova uporaba se je hitro pove\u010dala v \u0161estdesetih in sedemdesetih letih prej\u0161njega stoletja, ko so ga predpisovali za \u0161irok spekter stanj, vklju\u010dno z anksioznostjo, nespe\u010dnostjo, mi\u0161i\u010dnimi kr\u010di in odtegnitvenimi simptomi od alkohola.<\/p>\n<p>Z nara\u0161\u010danjem priljubljenosti diazepama so raziskovalci za\u010deli sintetizirati nove derivate zdravila, da bi izbolj\u0161ali njegovo u\u010dinkovitost in zmanj\u0161ali stranske u\u010dinke. Eden od teh derivatov je bil bromazepam, razvit v sedemdesetih letih prej\u0161njega stoletja in tr\u017een pod blagovno znamko Lexotanil.<\/p>\n<p>Bromonordiazepam je derivat bromazepama, na molekulo katerega je vezan atom broma. Verjetno je bil prvi\u010d sintetiziran v tajnih laboratorijih z modificiranjem obstoje\u010dih benzodiazepinskih spojin, njegova uporaba kot rekreativne droge pa se je pojavila v 2000-ih.<\/p>\n<p>Sinteza in distribucija bromonordiazepama in drugih dizajnerskih benzodiazepinov je v ve\u010dini dr\u017eav nezakonita, \u010distost in varnost teh spojin pa nista zagotovljeni. Njihova uporaba zunaj medicinskega okolja je lahko nevarna in potencialno smrtno nevarna.<\/p>\n<h3><span data-sheets-value=\"{\" data-sheets-userformat=\"{\">Lastnosti bromonordiazepama<\/span><\/h3>\n<p><strong>Sinonim:<\/strong> Bromonordiazepam<br \/>\n<strong>\u0160tevilka CAS:<\/strong> 2894-61-3<br \/>\n<strong>Formula:<\/strong> 7-bromo-5-fenil-1,3-dihidro-1,4-benzodiazepin-2-on<br \/>\n<strong>Molska masa:<\/strong> 315.16464<br \/>\n<strong>\u010cistost:<\/strong> &gt;99%<\/p>\n<h3>Izjava o nevarnosti<\/h3>\n<p>Bromonordiazepam lahko povzro\u010di dra\u017eenje dihalnih poti<br \/>\nBromonordiazepam lahko povzro\u010di dra\u017eenje o\u010di.<br \/>\nIzpu\u0161\u010danje raziskovalnih kemikalij v okolje je prepovedano.<\/p>\n<p>Bromonordiazepam \u010cE PRIDE V O\u010cI: O\u010di ne\u017eno izpirajte z vodo pet minut. \u010ce je mogo\u010de, odstranite kontaktne le\u010de.<\/p>\n<p>Bromonordiazepam V STIKU S KO\u017dO: Umijte ko\u017eo z milom in vodo.<\/p>\n<p>PO VDIHAVANJU bromonordiazepama: Ponesre\u010denca odnesite na sve\u017e zrak in ga pustite v udobnem polo\u017eaju za dihanje.<\/p>","protected":false},"excerpt":{"rendered":"<p>Bromonordiazepam 2,5 mg peleti To so najnovej\u0161i peleti v ponudbi Professor.nl! Ti peleti vsebujejo 2,5<\/p>","protected":false},"featured_media":29309,"comment_status":"closed","ping_status":"closed","template":"","meta":[],"product_brand":[],"product_cat":[76,385,390,324],"product_tag":[185,326],"class_list":{"0":"post-24271","1":"product","2":"type-product","3":"status-publish","4":"has-post-thumbnail","6":"product_cat-benzodiazepinen","7":"product_cat-bromonordiazepam","8":"product_cat-bromonordiazepam-pellets","9":"product_cat-pellets-for-pellet","10":"product_tag-bromonordiazepam","11":"product_tag-nl","13":"first","14":"instock","15":"taxable","16":"shipping-taxable","17":"purchasable","18":"product-type-variable"},"_links":{"self":[{"href":"https:\/\/researchchemworld.com\/sl\/wp-json\/wp\/v2\/product\/24271","targetHints":{"allow":["GET"]}}],"collection":[{"href":"https:\/\/researchchemworld.com\/sl\/wp-json\/wp\/v2\/product"}],"about":[{"href":"https:\/\/researchchemworld.com\/sl\/wp-json\/wp\/v2\/types\/product"}],"replies":[{"embeddable":true,"href":"https:\/\/researchchemworld.com\/sl\/wp-json\/wp\/v2\/comments?post=24271"}],"version-history":[{"count":3,"href":"https:\/\/researchchemworld.com\/sl\/wp-json\/wp\/v2\/product\/24271\/revisions"}],"predecessor-version":[{"id":25303,"href":"https:\/\/researchchemworld.com\/sl\/wp-json\/wp\/v2\/product\/24271\/revisions\/25303"}],"wp:featuredmedia":[{"embeddable":true,"href":"https:\/\/researchchemworld.com\/sl\/wp-json\/wp\/v2\/media\/29309"}],"wp:attachment":[{"href":"https:\/\/researchchemworld.com\/sl\/wp-json\/wp\/v2\/media?parent=24271"}],"wp:term":[{"taxonomy":"product_brand","embeddable":true,"href":"https:\/\/researchchemworld.com\/sl\/wp-json\/wp\/v2\/product_brand?post=24271"},{"taxonomy":"product_cat","embeddable":true,"href":"https:\/\/researchchemworld.com\/sl\/wp-json\/wp\/v2\/product_cat?post=24271"},{"taxonomy":"product_tag","embeddable":true,"href":"https:\/\/researchchemworld.com\/sl\/wp-json\/wp\/v2\/product_tag?post=24271"}],"curies":[{"name":"delovni list","href":"https:\/\/api.w.org\/{rel}","templated":true}]}}