{"id":24194,"date":"2025-04-13T17:41:13","date_gmt":"2025-04-13T17:41:13","guid":{"rendered":"https:\/\/researchchemworld.com\/?post_type=product&#038;p=24194"},"modified":"2026-02-26T11:24:34","modified_gmt":"2026-02-26T11:24:34","slug":"2-fma","status":"publish","type":"product","link":"https:\/\/researchchemworld.com\/sv\/handla\/foretag-till-foretag\/2-fma\/","title":{"rendered":"RC+ Fluor 2-FMA 30 mg ask"},"content":{"rendered":"<h2><strong>2-FMA<\/strong><\/h2>\n<p><strong>2-FMA<\/strong>\u00a0\u00e4r ett \u00e4mne vi endast s\u00e4ljer f\u00f6r forsknings\u00e4ndam\u00e5l och \u00e4r d\u00e4rf\u00f6r inte avsett f\u00f6r m\u00e4nsklig konsumtion. 2-FMA levereras i pulverform och kan anv\u00e4ndas i forskning i upp till tv\u00e5 \u00e5r vid f\u00f6rvaring i r\u00e4tt milj\u00f6.<a title=\"1V-LSD 150 MCG Blotters\" href=\"https:\/\/researchchemworld.com\/sv\/handla\/lysergamider\/1v-lsd-150-mcg-blotters\/\" target=\"_blank\" rel=\"noopener\">1V-LSD 150 MCG Blotters<\/a><\/p>\n<p>Eftersom 2-FMA endast \u00e4r f\u00f6r forsknings\u00e4ndam\u00e5l och inte f\u00f6r konsumtion, \u00e4r det viktigt att 2-FMA f\u00f6rvaras utom r\u00e4ckh\u00e5ll f\u00f6r barn och husdjur.<a title=\"6-CL-ADBA\" href=\"https:\/\/researchchemworld.com\/sv\/handla\/nastan-forbjuden\/6-cl-adba\/\" target=\"_blank\" rel=\"noopener\">6-CL-ADBA<\/a><\/p>\n<p>Vi erbjuder h\u00f6gkvalitativa forskningskemikalier till ett rimligt pris. Din best\u00e4llning skickas inom 24 timmar varje dag. Best\u00e4ll 2FMA s\u00e4kert och snabbt via oss!<a title=\"2-CMC 250 mg pellets\" href=\"https:\/\/researchchemworld.com\/sv\/handla\/katinoner\/kop-2-cm-2\/\" target=\"_blank\" rel=\"noopener\">2-CMC 250 mg pellets<\/a><\/p>\n<h2>2-FMA-egenskaper<\/h2>\n<p><strong>Synonym<\/strong>Fluorometamfetamin<br \/>\n<strong>CAS-nummer<\/strong>: 1780004-19-4<br \/>\n<strong>Formel<\/strong>C10H14FN \u2022 HCL<br \/>\n<strong>Molmassa<\/strong>: 203,7 g\/mol<br \/>\n<strong>Renhet<\/strong>: \u226599%<\/p>\n<h2>Faroangivelser<\/h2>\n<p>2-FMA kan orsaka irritation i luftv\u00e4garna<br \/>\n2-FMA kan orsaka irritation hos <a href=\"http:\/\/google.nl\" target=\"_blank\" rel=\"noopener\">de<\/a> \u00f6gon orsakar<br \/>\nDet \u00e4r f\u00f6rbjudet att sl\u00e4ppa ut forskningskemikalier i milj\u00f6n.<\/p>\n<p>2-FMA I \u00d6GONEN: Sk\u00f6lj \u00f6gonen f\u00f6rsiktigt med vatten i fem minuter. Ta ur eventuella kontaktlinser om det g\u00e5r l\u00e4tt.<\/p>\n<p>2-FMA VID HUDKONTAKT: Tv\u00e4tta huden med tv\u00e5l och vatten.<\/p>\n<p>VID INANDNING AV 2-FMA: Flytta personen till frisk luft och se till att andningen \u00e4r bekv\u00e4m.<\/p>","protected":false},"excerpt":{"rendered":"<p><strong>Synonym<\/strong>Fluorometamfetamin<br \/>\n<strong>CAS-nummer<\/strong>: 1780004-19-4<br \/>\n<strong>Formel<\/strong>C10H14FN \u2022 HCL<br \/>\n<strong>Molmassa<\/strong>: 203,7 g\/mol<br \/>\n<strong>Renhet<\/strong>: \u226599%<\/p>","protected":false},"featured_media":29433,"comment_status":"closed","ping_status":"closed","template":"","meta":[],"product_brand":[82],"product_cat":[555],"product_tag":[572,617,618,589,619,326],"class_list":{"0":"post-24194","1":"product","2":"type-product","3":"status-publish","4":"has-post-thumbnail","6":"product_brand-research-chemical","7":"product_cat-b2b","8":"product_tag-2-fma-kopen","9":"product_tag-2-fma","10":"product_tag-2fma","11":"product_tag-2fma-drugs","12":"product_tag-2fma-kopen","13":"product_tag-nl","15":"first","16":"instock","17":"taxable","18":"shipping-taxable","19":"purchasable","20":"product-type-variable"},"_links":{"self":[{"href":"https:\/\/researchchemworld.com\/sv\/wp-json\/wp\/v2\/product\/24194","targetHints":{"allow":["GET"]}}],"collection":[{"href":"https:\/\/researchchemworld.com\/sv\/wp-json\/wp\/v2\/product"}],"about":[{"href":"https:\/\/researchchemworld.com\/sv\/wp-json\/wp\/v2\/types\/product"}],"replies":[{"embeddable":true,"href":"https:\/\/researchchemworld.com\/sv\/wp-json\/wp\/v2\/comments?post=24194"}],"version-history":[{"count":4,"href":"https:\/\/researchchemworld.com\/sv\/wp-json\/wp\/v2\/product\/24194\/revisions"}],"predecessor-version":[{"id":25400,"href":"https:\/\/researchchemworld.com\/sv\/wp-json\/wp\/v2\/product\/24194\/revisions\/25400"}],"wp:featuredmedia":[{"embeddable":true,"href":"https:\/\/researchchemworld.com\/sv\/wp-json\/wp\/v2\/media\/29433"}],"wp:attachment":[{"href":"https:\/\/researchchemworld.com\/sv\/wp-json\/wp\/v2\/media?parent=24194"}],"wp:term":[{"taxonomy":"product_brand","embeddable":true,"href":"https:\/\/researchchemworld.com\/sv\/wp-json\/wp\/v2\/product_brand?post=24194"},{"taxonomy":"product_cat","embeddable":true,"href":"https:\/\/researchchemworld.com\/sv\/wp-json\/wp\/v2\/product_cat?post=24194"},{"taxonomy":"product_tag","embeddable":true,"href":"https:\/\/researchchemworld.com\/sv\/wp-json\/wp\/v2\/product_tag?post=24194"}],"curies":[{"name":"wp","href":"https:\/\/api.w.org\/{rel}","templated":true}]}}