{"id":24332,"date":"2025-04-13T17:41:30","date_gmt":"2025-04-13T17:41:30","guid":{"rendered":"https:\/\/researchchemworld.com\/?post_type=product&#038;p=24332"},"modified":"2026-02-25T16:33:27","modified_gmt":"2026-02-25T16:33:27","slug":"moxy-5-meo-mipt","status":"publish","type":"product","link":"https:\/\/researchchemworld.com\/sv\/handla\/foretag-till-foretag\/moxy-5-meo-mipt\/","title":{"rendered":"RC+ Moxy 10 mg blisterf\u00f6rpackning"},"content":{"rendered":"<p class=\"ds-markdown-paragraph\"><strong><span class=\"___SText_anxqe-ko_\" data-ui-name=\"Link.Text\">Moxy 5 meo mipt <\/span>10 mg blisterf\u00f6rpackning \u2013 Premiumforskningskemi f\u00f6r vetenskapliga \u00e4ndam\u00e5l<\/strong><\/p>\n<p class=\"ds-markdown-paragraph\"><strong>Produktnamn:<\/strong>\u00a0RC+ Moxy (5-MeO-MiPT) \u2013 10 mg per tablett \u2013 blisterf\u00f6rpackning<br \/>\n<strong>Kategori:<\/strong>\u00a0Forskningskemikalier (psykedeliska\/tryptaminklass)<br \/>\n<strong>Till\u00e4mpningsomr\u00e5de:<\/strong> Neurokemisk forskning och farmakologiska studier.<a title=\"1cP-LSD 150 MCG Art Blotters\" href=\"https:\/\/researchchemworld.com\/sv\/handla\/lysergamider\/1-kopp-lsd-150-mcg\/\" target=\"_blank\" rel=\"noopener\">1cP-LSD 150 MCG Art Blotters<\/a><\/p>\n<hr \/>\n<h3><strong>Produktegenskaper: <span class=\"___SText_anxqe-ko_\" data-ui-name=\"Link.Text\">Moxy 5 MEO mipt<\/span><\/strong><\/h3>\n<p class=\"ds-markdown-paragraph\">\ud83d\udd2c\u00a0<strong>H\u00f6g renhet<\/strong>\u00a0(&gt;98%) \u2013 Optimerad f\u00f6r exakta forskningsresultat<br \/>\n\ud83d\udc8a\u00a0<strong>10 mg per tablett<\/strong>\u00a0\u2013 Exakt mikrodosering f\u00f6r kontrollerade experiment<br \/>\n\ud83d\udce6\u00a0<strong>Professionell blisterf\u00f6rpackning<\/strong>\u00a0\u2013 Skyddar mot nedbrytning av ljus\/fukt<br \/>\n\ud83d\udcca\u00a0<strong>Kvalitetscertifierad<\/strong>\u00a0\u2013 HPLC\/MS-analysrapporter tillg\u00e4ngliga p\u00e5 beg\u00e4ran<\/p>\n<h3><strong>Om <span class=\"___SText_anxqe-ko_\" data-ui-name=\"Link.Text\">Moxy 5 MEO mipt<\/span>:<\/strong><\/h3>\n<p class=\"ds-markdown-paragraph\">En forskningssubstans fr\u00e5n tryptaminfamiljen med intressanta farmakologiska egenskaper f\u00f6r:<\/p>\n<ul>\n<li>\n<p class=\"ds-markdown-paragraph\">Serotonerg receptorforskning<\/p>\n<\/li>\n<li>\n<p class=\"ds-markdown-paragraph\">Neurotransmissionsstudier<\/p>\n<\/li>\n<li>\n<p class=\"ds-markdown-paragraph\">J\u00e4mf\u00f6rande psykoaktiva profilanalyser.<a title=\"O-DSMT 50 mg pellets\" href=\"https:\/\/researchchemworld.com\/sv\/handla\/pellets\/o-dsmt-50-mg-pellets\/\" target=\"_blank\" rel=\"noopener\">O-DSMT 50 mg pellets<\/a><\/p>\n<\/li>\n<\/ul>\n<p class=\"ds-markdown-paragraph\"><strong>Viktig:<\/strong><\/p>\n<ul>\n<li>\n<p class=\"ds-markdown-paragraph\">Endast f\u00f6r in vitro-forskning<\/p>\n<\/li>\n<li>\n<p class=\"ds-markdown-paragraph\">Ej f\u00f6r m\u00e4nsklig\/djurisk konsumtion<\/p>\n<\/li>\n<li>\n<p class=\"ds-markdown-paragraph\">Ej avsedd f\u00f6r medicinskt eller rekreationsbruk.<a title=\"2-CMC 250 mg pellets\" href=\"https:\/\/researchchemworld.com\/sv\/handla\/katinoner\/kop-2-cm-2\/\" target=\"_blank\" rel=\"noopener\">2-CMC 250 mg pellets<\/a><\/p>\n<\/li>\n<\/ul>\n<hr \/>\n<h3><strong>S\u00e4kerhetsprotokoll:<span class=\"___SText_anxqe-ko_\" data-ui-name=\"Link.Text\">Moxy 5 MEO mipt<\/span><\/strong><\/h3>\n<p class=\"ds-markdown-paragraph\">\u26a0\u00a0<strong>Labbinstruktioner:<\/strong><\/p>\n<ul>\n<li>\n<p class=\"ds-markdown-paragraph\">Arbeta alltid med handskar\/labbrock<\/p>\n<\/li>\n<li>\n<p class=\"ds-markdown-paragraph\">Anv\u00e4nd endast i kontrollerad laboratoriemilj\u00f6<\/p>\n<\/li>\n<li>\n<p class=\"ds-markdown-paragraph\">Undvik direktkontakt med hud\/\u00f6gon<\/p>\n<\/li>\n<\/ul>\n<p class=\"ds-markdown-paragraph\">\u26a0\u00a0<strong>R\u00e4ttslig st\u00e4llning:<\/strong><\/p>\n<ul>\n<li>\n<p class=\"ds-markdown-paragraph\">Reglerad i Nederl\u00e4nderna enligt opiumlagen<\/p>\n<\/li>\n<li>\n<p class=\"ds-markdown-paragraph\">EU-omfattande restriktioner kan g\u00e4lla<\/p>\n<\/li>\n<li>\n<p class=\"ds-markdown-paragraph\">Ink\u00f6psansvaret ligger hos forskaren<\/p>\n<\/li>\n<\/ul>\n<hr \/>\n<h3><strong>Varf\u00f6r RC+ Moxy 10 mg blister?<\/strong><\/h3>\n<p class=\"ds-markdown-paragraph\">\u2705\u00a0<strong>Avancerad kvalitetskontroll<\/strong>\u00a0\u2013 Varje batch testad oberoende<br \/>\n\u2705\u00a0<strong>Diskret frakt<\/strong>\u00a0\u2013 Helt anonym f\u00f6rpackning<br \/>\n\u2705\u00a0<strong>Snabb leverans inom EU<\/strong>\u00a0\u2013 Finns i europeiska lager<br \/>\n\u2705\u00a0<strong>Vetenskaplig dokumentation<\/strong> \u2013 Detaljerad produktinformation tillg\u00e4nglig.<a title=\"2C-EF 2 mg kapslar\" href=\"https:\/\/researchchemworld.com\/sv\/handla\/fenetylamin\/2c-ef-2-mg-kapslar\/\" target=\"_blank\" rel=\"noopener\">2C-EF 2 mg kapslar<\/a><\/p>","protected":false},"excerpt":{"rendered":"<p><strong>CAS Nummer:<\/strong> 96096-55-8<br \/>\n<strong>Formule:<\/strong> N-[2-(5-methoxy-1H-indol-3-yl)ethyl]-N-methylpropan-2-amine<br \/>\n<strong>Molmassa:<\/strong> 246.354 g\u00b7mol<br \/>\n<strong>Zuiverheid:<\/strong> &gt;97%<\/p>\n","protected":false},"featured_media":29440,"comment_status":"closed","ping_status":"closed","template":"","meta":[],"product_brand":[82],"product_cat":[555],"product_tag":[824,826,825,326,827],"class_list":{"0":"post-24332","1":"product","2":"type-product","3":"status-publish","4":"has-post-thumbnail","6":"product_brand-research-chemical","7":"product_cat-b2b","8":"product_tag-5-meo-mipt-moxy","9":"product_tag-5-meo-mipt-moxy-purifie","10":"product_tag-moxy-5-meo-mipt","11":"product_tag-nl","12":"product_tag-purifie-moxy-5-meo-mipt","14":"first","15":"instock","16":"taxable","17":"shipping-taxable","18":"purchasable","19":"product-type-variable"},"_links":{"self":[{"href":"https:\/\/researchchemworld.com\/sv\/wp-json\/wp\/v2\/product\/24332","targetHints":{"allow":["GET"]}}],"collection":[{"href":"https:\/\/researchchemworld.com\/sv\/wp-json\/wp\/v2\/product"}],"about":[{"href":"https:\/\/researchchemworld.com\/sv\/wp-json\/wp\/v2\/types\/product"}],"replies":[{"embeddable":true,"href":"https:\/\/researchchemworld.com\/sv\/wp-json\/wp\/v2\/comments?post=24332"}],"version-history":[{"count":3,"href":"https:\/\/researchchemworld.com\/sv\/wp-json\/wp\/v2\/product\/24332\/revisions"}],"predecessor-version":[{"id":25994,"href":"https:\/\/researchchemworld.com\/sv\/wp-json\/wp\/v2\/product\/24332\/revisions\/25994"}],"wp:featuredmedia":[{"embeddable":true,"href":"https:\/\/researchchemworld.com\/sv\/wp-json\/wp\/v2\/media\/29440"}],"wp:attachment":[{"href":"https:\/\/researchchemworld.com\/sv\/wp-json\/wp\/v2\/media?parent=24332"}],"wp:term":[{"taxonomy":"product_brand","embeddable":true,"href":"https:\/\/researchchemworld.com\/sv\/wp-json\/wp\/v2\/product_brand?post=24332"},{"taxonomy":"product_cat","embeddable":true,"href":"https:\/\/researchchemworld.com\/sv\/wp-json\/wp\/v2\/product_cat?post=24332"},{"taxonomy":"product_tag","embeddable":true,"href":"https:\/\/researchchemworld.com\/sv\/wp-json\/wp\/v2\/product_tag?post=24332"}],"curies":[{"name":"wp","href":"https:\/\/api.w.org\/{rel}","templated":true}]}}