{"id":24303,"date":"2025-04-13T17:41:26","date_gmt":"2025-04-13T17:41:26","guid":{"rendered":"https:\/\/researchchemworld.com\/?post_type=product&#038;p=24303"},"modified":"2026-02-25T16:44:52","modified_gmt":"2026-02-25T16:44:52","slug":"2f-dck-satin-al","status":"publish","type":"product","link":"https:\/\/researchchemworld.com\/tr\/magaza\/2f-dck-satin-al\/2f-dck-satin-al\/","title":{"rendered":"2F-DCK 100 MG Peletler"},"content":{"rendered":"<h3><strong>Productdefinitie: 2F-DCK 100mg Pellets (2-Fluorodeschloroketamine)<\/strong><\/h3>\n<p>2f dck sat\u0131n al<\/p>\n<p class=\"ds-markdown-paragraph\"><strong>Kimyasal Ad\u0131:<\/strong>\u00a02-Fluorodeschloroketamine hydrochloride<br \/>\n<strong>E\u015f anlaml\u0131lar:<\/strong>\u00a02F-DCK, 2-Fluoroketamine<br \/>\n<strong>Molek\u00fcler form\u00fcl:<\/strong>\u00a0C\u2081\u2083H\u2081\u2085FNO \u2022 HCl<br \/>\n<strong>Molek\u00fcler K\u00fctle:<\/strong>\u00a0247,72 g\/mol<br \/>\n<strong>CAS numaras\u0131:<\/strong>\u00a01119822-83-6<br \/>\n<strong>Bi\u00e7im:<\/strong>\u00a0Yuvarlak, tek tip peletler<br \/>\n<strong>Renk:<\/strong>\u00a0Wit tot ivoor<br \/>\n<strong>Pelet ba\u015f\u0131na a\u011f\u0131rl\u0131k:<\/strong>\u00a0~250mg<br \/>\n<strong>Pelet ba\u015f\u0131na dozaj:<\/strong>\u00a0100mg 2F-DCK<\/p>\n<hr \/>\n<h2><strong>A\u00e7\u0131klama ve Etki Mekanizmas\u0131<\/strong><\/h2>\n<p class=\"ds-markdown-paragraph\">2F-DCK is een fluorinated analoog van ketamine met een vergelijkbaar dissociatief effectprofiel. Als NMDA-receptorantagonist biedt het:<\/p>\n<p class=\"ds-markdown-paragraph\">\u2714\u00a0<strong>Dissociatieve anesthesie<\/strong><br \/>\n\u2714\u00a0<strong>Milde euforie en visuele effecten<\/strong><br \/>\n\u2714\u00a0<strong>Langere werkingsduur dan ketamine<\/strong> (~2-3 uur), 2f dck kopen\u200b<br \/>\n\u2714\u00a0<strong>Potenti\u00eble antidepressieve werking<\/strong><\/p>\n<hr \/>\n<h2><strong>Kullan\u0131m senaryolar\u0131<\/strong><\/h2>\n<h3><strong>1. Wetenschappelijk Onderzoek<\/strong><\/h3>\n<ul>\n<li>\n<p class=\"ds-markdown-paragraph\">Studie naar NMDA-receptor antagonisme<\/p>\n<\/li>\n<li>\n<p class=\"ds-markdown-paragraph\">Onderzoek naar snelle antidepressiva<\/p>\n<\/li>\n<\/ul>\n<h3><strong>2. Deneysel Uygulamalar<\/strong><\/h3>\n<ul>\n<li>\n<p class=\"ds-markdown-paragraph\">Bewustzijnsonderzoek (psychonautisch)<\/p>\n<\/li>\n<li>\n<p class=\"ds-markdown-paragraph\">Pijnperceptie-studies<\/p>\n<\/li>\n<\/ul>\n<hr \/>\n<h2><strong>Avantajlar\u0131<\/strong><\/h2>\n<p class=\"ds-markdown-paragraph\">\u2705\u00a0<strong>Standartla\u015ft\u0131r\u0131lm\u0131\u015f dozaj<\/strong>\u00a0pelet \u015fekline g\u00f6re<br \/>\n\u2705\u00a0<strong>Minder hepatotoxisch<\/strong>\u00a0dan ketamine<br \/>\n\u2705\u00a0<strong>Minder blaasirritatie<\/strong>\u00a0dan traditionele arylcyclohexylaminen<br \/>\n\u2705\u00a0<strong>Snelle opkomst<\/strong>\u00a0(~15-30 minuten oraal)<\/p>\n<hr \/>\n<h2><strong>Dezavantajlar\u0131 ve Riskleri<\/strong><\/h2>\n<p class=\"ds-markdown-paragraph\">\u274c\u00a0<strong>Olas\u0131 yan etkiler:<\/strong><\/p>\n<ul>\n<li>\n<p class=\"ds-markdown-paragraph\">Y\u00f6n kayb\u0131<\/p>\n<\/li>\n<li>\n<p class=\"ds-markdown-paragraph\">Bulant\u0131<\/p>\n<\/li>\n<li>\n<p class=\"ds-markdown-paragraph\">Verhoogde bloeddruk<br \/>\n\u274c\u00a0<strong>Kans op psychotische episodes<\/strong>\u00a0bij gevoelige personen<br \/>\n\u274c\u00a0<strong>Beperkte langetermijngegevens<\/strong><\/p>\n<\/li>\n<\/ul>\n<hr \/>\n<h2><strong>Dozaj y\u00f6nergeleri<\/strong><\/h2>\n<p class=\"ds-markdown-paragraph\">\u26a0\u00a0<strong>Sadece ara\u015ft\u0131rma ama\u00e7l\u0131d\u0131r<\/strong><\/p>\n<div class=\"markdown-table-wrapper\">\n<table>\n<thead>\n<tr>\n<th>Effectniveau<\/th>\n<th>Dozaj<\/th>\n<th>Eylemin s\u00fcresi<\/th>\n<\/tr>\n<\/thead>\n<tbody>\n<tr>\n<td>Mikrodoz<\/td>\n<td>\u00bc pellet (25mg)<\/td>\n<td>1 uur<\/td>\n<\/tr>\n<tr>\n<td>I\u015f\u0131k<\/td>\n<td>\u00bd pellet (50mg)<\/td>\n<td>1-2 uur<\/td>\n<\/tr>\n<tr>\n<td>Orta<\/td>\n<td>1 pellet (100mg)<\/td>\n<td>2-3 saat<\/td>\n<\/tr>\n<tr>\n<td>G\u00fc\u00e7l\u00fc<\/td>\n<td>1\u00bd-2 pellets (150-200mg)<\/td>\n<td>3-4 saat<\/td>\n<\/tr>\n<\/tbody>\n<\/table>\n<\/div>\n<p class=\"ds-markdown-paragraph\"><strong>Toedieningsmethoden:<\/strong><\/p>\n<ul>\n<li>\n<p class=\"ds-markdown-paragraph\">Oral (\u00f6nerilir)<\/p>\n<\/li>\n<li>\n<p class=\"ds-markdown-paragraph\">Sublinguaal (snellere opname)<\/p>\n<\/li>\n<\/ul>\n<p class=\"ds-markdown-paragraph\"><strong>G\u00fcvenlik \u00f6nlemleri:<\/strong><\/p>\n<ul>\n<li>\n<p class=\"ds-markdown-paragraph\">Altijd tripsitter aanwezig bij hogere doses<\/p>\n<\/li>\n<li>\n<p class=\"ds-markdown-paragraph\">Vermijd combinatie met:<\/p>\n<ul>\n<li>\n<p class=\"ds-markdown-paragraph\">Alkol<\/p>\n<\/li>\n<li>\n<p class=\"ds-markdown-paragraph\">Opioidler<\/p>\n<\/li>\n<li>\n<p class=\"ds-markdown-paragraph\">Di\u011fer NMDA antagonistleri<\/p>\n<\/li>\n<\/ul>\n<\/li>\n<\/ul>\n<hr \/>\n<h2><strong>S\u0131k\u00e7a Sorulan Sorular<\/strong><\/h2>\n<h3><strong>1. Juridische status in Nederland?<\/strong><\/h3>\n<p class=\"ds-markdown-paragraph\">Valt waarschijnlijk onder de Opiumwet als ketamine-analoog.<\/p>\n<h3><strong>2. Hoe verschilt dit van gewone ketamine?<\/strong><\/h3>\n<p class=\"ds-markdown-paragraph\">Langere werkingsduur, minder blaasirritatie, mildere &#8220;K-hole&#8221; ervaring.<\/p>\n<h3><strong>3. Is dit verslavend?<\/strong><\/h3>\n<p class=\"ds-markdown-paragraph\">Kan psychologische afhankelijkheid veroorzaken bij frequent gebruik.<\/p>\n<h3><strong>4. Uyu\u015fturucu testlerinde tespit edilebilir mi?<\/strong><\/h3>\n<p class=\"ds-markdown-paragraph\">Kan als ketamine worden ge\u00efdentificeerd in sommige tests.<\/p>\n<hr \/>\n<h2><strong>Laboratuvar analizi<\/strong><\/h2>\n<p class=\"ds-markdown-paragraph\"><strong>\u00d6zellikler:<\/strong><\/p>\n<ul>\n<li>\n<p class=\"ds-markdown-paragraph\">Zuiverheid: \u226599% (HPLC)<\/p>\n<\/li>\n<li>\n<p class=\"ds-markdown-paragraph\">Zware metalen: &lt;2ppm<\/p>\n<\/li>\n<li>\n<p class=\"ds-markdown-paragraph\">Microbiologie: Steriel<\/p>\n<\/li>\n<\/ul>\n<p class=\"ds-markdown-paragraph\"><strong>Stabiliteitsgegevens:<\/strong><\/p>\n<ul>\n<li>\n<p class=\"ds-markdown-paragraph\">Houdbaarheid: 24 maanden bij &lt;25\u00b0C<\/p>\n<\/li>\n<li>\n<p class=\"ds-markdown-paragraph\">Lichtgevoeligheid: Hoog<\/p>\n<\/li>\n<\/ul>\n<hr \/>\n<h2><strong>\u00c7\u00f6z\u00fcm<\/strong><\/h2>\n<p class=\"ds-markdown-paragraph\">2F-DCK pellets bieden een gestandaardiseerd onderzoeksmodel voor fluorinated dissociativa, maar vereisen strikte ethische protocollen vanwege het psychoactieve potentieel.<\/p>\n<p class=\"ds-markdown-paragraph\">\u26a0\u00a0<strong>Niet voor menselijke consumptie &#8211; uitsluitend voor wetenschappelijk onderzoek<\/strong><\/p>\n<p class=\"ds-markdown-paragraph\"><strong>Depolama tavsiyesi:<\/strong><br \/>\nLuchtdicht, bij kamertemperatuur, beschermd tegen licht.<\/p>\n<p class=\"ds-markdown-paragraph\"><strong>Verantwoordelijk gebruik:<\/strong><\/p>\n<ul>\n<li>\n<p class=\"ds-markdown-paragraph\">Documenteer alle onderzoeken nauwkeurig<\/p>\n<\/li>\n<li>\n<p class=\"ds-markdown-paragraph\">Houd rekening met lokale wetgeving<\/p>\n<\/li>\n<li>\n<p class=\"ds-markdown-paragraph\">Gebruik persoonlijke beschermingsmiddelen bij hantering. <a href=\"https:\/\/researchchemworld.com\/tr\/magaza\/lizergamidler\/1vlsd\/\">1vlsd<\/a><a href=\"https:\/\/researchchemworld.com\/tr\/magaza\/pelet-icin-peletler\/o-dsmt-50-mg-peletler\/\">o-dsmt<\/a><a href=\"https:\/\/researchchemworld.com\/tr\/magaza\/lizergamidler\/1cp-lsd\/\">1cp lsd<\/a><a href=\"https:\/\/researchchemworld.com\/tr\/magaza\/iboga-ibogaine\/ibogaine-hclyi-cevrimici-satin-al\/\">ibogaine hcl&#039;yi \u00e7evrimi\u00e7i sat\u0131n al<\/a><a href=\"https:\/\/researchchemworld.com\/tr\/magaza\/iboga-ibogaine\/iboga-kok-kabugu\/\">iboga k\u00f6k kabu\u011fu<\/a><\/p>\n<\/li>\n<\/ul>","protected":false},"excerpt":{"rendered":"<p>\u00dcr\u00fcn Tan\u0131m\u0131: 2F-DCK 100 mg Peletler (2-Florodeskloroketamin) 2F dck sat\u0131n al Kimyasal Ad\u0131: 2-Florodeskloroketamin hidroklor\u00fcr E\u015fanlaml\u0131lar: 2F-DCK, 2-Floroketamin Molek\u00fcler Form\u00fcl: C\u2081\u2083H\u2081\u2085FNO \u2022 HCl Molek\u00fcler K\u00fctle: 247,72 g\/mol CAS Numaras\u0131: 1119822-83-6<\/p>","protected":false},"featured_media":29200,"comment_status":"closed","ping_status":"closed","template":"","meta":[],"product_brand":[],"product_cat":[474,475,71,324],"product_tag":[271,272,326],"class_list":{"0":"post-24303","1":"product","2":"type-product","3":"status-publish","4":"has-post-thumbnail","6":"product_cat-2f-dck-kopen","7":"product_cat-2f-dck-pellets","8":"product_cat-arylcyclohexylamine","9":"product_cat-pellets-for-pellet","10":"product_tag-2f-dck","11":"product_tag-2f-dck-kopen","12":"product_tag-nl","14":"first","15":"instock","16":"taxable","17":"shipping-taxable","18":"purchasable","19":"product-type-variable"},"_links":{"self":[{"href":"https:\/\/researchchemworld.com\/tr\/wp-json\/wp\/v2\/product\/24303","targetHints":{"allow":["GET"]}}],"collection":[{"href":"https:\/\/researchchemworld.com\/tr\/wp-json\/wp\/v2\/product"}],"about":[{"href":"https:\/\/researchchemworld.com\/tr\/wp-json\/wp\/v2\/types\/product"}],"replies":[{"embeddable":true,"href":"https:\/\/researchchemworld.com\/tr\/wp-json\/wp\/v2\/comments?post=24303"}],"version-history":[{"count":4,"href":"https:\/\/researchchemworld.com\/tr\/wp-json\/wp\/v2\/product\/24303\/revisions"}],"predecessor-version":[{"id":26520,"href":"https:\/\/researchchemworld.com\/tr\/wp-json\/wp\/v2\/product\/24303\/revisions\/26520"}],"wp:featuredmedia":[{"embeddable":true,"href":"https:\/\/researchchemworld.com\/tr\/wp-json\/wp\/v2\/media\/29200"}],"wp:attachment":[{"href":"https:\/\/researchchemworld.com\/tr\/wp-json\/wp\/v2\/media?parent=24303"}],"wp:term":[{"taxonomy":"product_brand","embeddable":true,"href":"https:\/\/researchchemworld.com\/tr\/wp-json\/wp\/v2\/product_brand?post=24303"},{"taxonomy":"product_cat","embeddable":true,"href":"https:\/\/researchchemworld.com\/tr\/wp-json\/wp\/v2\/product_cat?post=24303"},{"taxonomy":"product_tag","embeddable":true,"href":"https:\/\/researchchemworld.com\/tr\/wp-json\/wp\/v2\/product_tag?post=24303"}],"curies":[{"name":"wp","href":"https:\/\/api.w.org\/{rel}","templated":true}]}}