{"id":27570,"date":"2025-09-23T07:05:38","date_gmt":"2025-09-23T07:05:38","guid":{"rendered":"https:\/\/researchchemworld.com\/?post_type=product&#038;p=27570"},"modified":"2026-02-19T10:58:40","modified_gmt":"2026-02-19T10:58:40","slug":"4mmc-satin-al","status":"publish","type":"product","link":"https:\/\/researchchemworld.com\/tr\/magaza\/kategorilenmemis\/4mmc-satin-al\/","title":{"rendered":"4mmc sat\u0131n al"},"content":{"rendered":"<h1 data-start=\"660\" data-end=\"708\"><strong data-start=\"662\" data-end=\"706\">4-MMC (Mephedron) \u2013 Substanzprofil ve SSS<\/strong><\/h1>\n<h3 data-start=\"710\" data-end=\"732\"><strong data-start=\"714\" data-end=\"730\">Tan\u0131m<\/strong><\/h3>\n<p data-start=\"733\" data-end=\"1149\">4mmc, 4-MMC sat\u0131n al\u0131n, aksi halde ayr\u0131ca sat\u0131n al\u0131n <strong data-start=\"757\" data-end=\"770\">Mefedron<\/strong>Sentetik Grup ile ilgili <strong data-start=\"808\" data-end=\"821\">Katinon<\/strong>. Es, 2000&#039;li y\u0131llarda sogenannte olarak adland\u0131r\u0131lan psikoaktif bir madde ile kendi ba\u015f\u0131na etki eder <strong data-start=\"910\" data-end=\"933\">Ara\u015ft\u0131rma Kimyasallar\u0131<\/strong> (RC) autauchte. Afgrund ihrer <strong data-start=\"966\" data-end=\"1009\">uyar\u0131c\u0131 ve empatik etki<\/strong> E\u011fer &quot;Yasal Y\u00fcksek&quot; olarak hareket etselerdi, hem Eyalet&#039;te hem de Almanya&#039;da korunacaklard\u0131. <strong data-start=\"1117\" data-end=\"1140\">yasal olarak yasak<\/strong> oldu.<\/p>\n<p data-start=\"1151\" data-end=\"1386\">Mephedron kimyasal olarak buna benzer <strong data-start=\"1187\" data-end=\"1203\">Amfetaminler<\/strong> Ve <strong data-start=\"1208\" data-end=\"1216\">MDMA<\/strong> und wird h\u00e4ufig in Form von <strong data-start=\"1245\" data-end=\"1280\">Toz, Kristal veya Kapseller<\/strong> angeboten. Heute gilt es als <strong data-start=\"1310\" data-end=\"1328\">yasad\u0131\u015f\u0131 Kuru<\/strong> sa\u011fl\u0131k ve esenlikle.<\/p>\n<h3 data-start=\"1393\" data-end=\"1432\"><strong data-start=\"1397\" data-end=\"1430\">Wirkung von 4-MMC (Mephedron)<\/strong><\/h3>\n<p data-start=\"1433\" data-end=\"1503\">Die Wirkung ist meist <strong data-start=\"1455\" data-end=\"1468\">k\u0131sa \u00f6m\u00fcrl\u00fc<\/strong> ve di\u011ferleri Stimulanzien:<\/p>\n<ul data-start=\"1504\" data-end=\"1691\">\n<li data-start=\"1504\" data-end=\"1549\">\n<p data-start=\"1506\" data-end=\"1549\">Y\u00fckseklik <strong data-start=\"1514\" data-end=\"1526\">\u00d6fori<\/strong> Ve <strong data-start=\"1531\" data-end=\"1547\">\u015eenlik<\/strong><\/p>\n<\/li>\n<li data-start=\"1550\" data-end=\"1616\">\n<p data-start=\"1552\" data-end=\"1616\">Yo\u011funla\u015ft\u0131r\u0131lm\u0131\u015f <strong data-start=\"1563\" data-end=\"1579\">Wohlbefinden<\/strong> ve iskele kurulmu\u015f <strong data-start=\"1596\" data-end=\"1614\">konu\u015fma yetene\u011fi<\/strong><\/p>\n<\/li>\n<li data-start=\"1617\" data-end=\"1659\">\n<p data-start=\"1619\" data-end=\"1659\">Y\u00fckseklik <strong data-start=\"1627\" data-end=\"1657\">Herzfrequenz und Blutdruck<\/strong><\/p>\n<\/li>\n<li data-start=\"1660\" data-end=\"1691\">\n<p data-start=\"1662\" data-end=\"1691\">Unterdr\u00fcckung von M\u00fcdigkeit<\/p>\n<\/li>\n<\/ul>\n<h3 data-start=\"1698\" data-end=\"1732\"><strong data-start=\"1702\" data-end=\"1730\">Riskler ve Nebenwirkungen<\/strong><\/h3>\n<p data-start=\"1733\" data-end=\"1813\">Der Konsum von Mephedron ist mit <strong data-start=\"1766\" data-end=\"1800\">ciddi sa\u011fl\u0131k riskleri<\/strong> ba\u011fl\u0131:<\/p>\n<ul data-start=\"1814\" data-end=\"2094\">\n<li data-start=\"1814\" data-end=\"1893\">\n<p data-start=\"1816\" data-end=\"1893\"><strong data-start=\"1816\" data-end=\"1844\">Kalp-Tur-Ko\u015fu Vergisi<\/strong> (Herzrasen, Bluthochdruck, Herzinfarkt-Risiko)<\/p>\n<\/li>\n<li data-start=\"1894\" data-end=\"1965\">\n<p data-start=\"1896\" data-end=\"1965\"><strong data-start=\"1896\" data-end=\"1918\">Psi\u015fik Etkiler<\/strong> Angstzust\u00e4nde, Paranoya, Schlaflosigkeit ile<\/p>\n<\/li>\n<li data-start=\"1966\" data-end=\"2020\">\n<p data-start=\"1968\" data-end=\"2020\"><strong data-start=\"1968\" data-end=\"1994\">Abh\u00e4ngigkeitspotenzial<\/strong> bei regelm\u00e4\u00dfigem Konsum<\/p>\n<\/li>\n<li data-start=\"2021\" data-end=\"2094\">\n<p data-start=\"2023\" data-end=\"2094\"><strong data-start=\"2023\" data-end=\"2053\">Akute \u00dcberdosierungsgefahr<\/strong> Temiz ve Dosierung s\u0131ras\u0131nda<\/p>\n<\/li>\n<\/ul>\n<h3 data-start=\"2101\" data-end=\"2136\"><strong data-start=\"2105\" data-end=\"2134\">Almanya&#039;da yasal i\u015flemler<\/strong><\/h3>\n<ul data-start=\"2137\" data-end=\"2384\">\n<li data-start=\"2137\" data-end=\"2232\">\n<p data-start=\"2139\" data-end=\"2232\">4-MMC ist in Deutschland <strong data-start=\"2164\" data-end=\"2175\">yasad\u0131\u015f\u0131<\/strong> und f\u00e4llt unter das <strong data-start=\"2196\" data-end=\"2229\">Betaubungsmittelgesetz (BtMG)<\/strong>.<\/p>\n<\/li>\n<li data-start=\"2233\" data-end=\"2287\">\n<p data-start=\"2235\" data-end=\"2287\">Besitz, Handel veya Herstellung Sind <strong data-start=\"2272\" data-end=\"2284\">cezaland\u0131r\u0131labilir<\/strong>.<\/p>\n<\/li>\n<li data-start=\"2288\" data-end=\"2384\">\n<p data-start=\"2290\" data-end=\"2384\">\u0130nternetten Der Kauf (&quot;sat\u0131n al&quot;) <strong data-start=\"2325\" data-end=\"2343\">gesetzeswidrig<\/strong> ve cezai kovu\u015fturma yap\u0131labilir.<\/p>\n<\/li>\n<\/ul>\n<h2 data-start=\"2391\" data-end=\"2450\"><strong data-start=\"2394\" data-end=\"2448\">4-MMC (Mephedron) i\u00e7in temel bilgiler (SSS)<\/strong><\/h2>\n<p data-start=\"2452\" data-end=\"2575\"><strong data-start=\"2452\" data-end=\"2473\">1. 4-MMC neydi?<\/strong><br data-start=\"2473\" data-end=\"2476\" \/>4-MMC (Mephedron), gruptan sentetik bir kurudur <strong data-start=\"2541\" data-end=\"2572\">kathinonhaltigen Substanzen<\/strong>.<\/p>\n<p data-start=\"2577\" data-end=\"2779\"><strong data-start=\"2577\" data-end=\"2609\">2. Warum ist 4-MMC verboten?<\/strong><br data-start=\"2609\" data-end=\"2612\" \/>Yollar\u0131 <strong data-start=\"2622\" data-end=\"2707\">sa\u011fl\u0131kl\u0131 riskler, sa\u011fl\u0131k yararlar\u0131 ve t\u0131bbi bak\u0131m<\/strong> Mevzuat\u0131 d\u00fczenleyen mevzuata tabi \u00fclkelerde bulunmu\u015ftur.<\/p>\n<p data-start=\"2781\" data-end=\"2914\"><strong data-start=\"2781\" data-end=\"2817\">3. Mephedron nas\u0131l kullan\u0131l\u0131r?<\/strong><br data-start=\"2817\" data-end=\"2820\" \/>\u0130\u015fe yar\u0131yor <strong data-start=\"2829\" data-end=\"2876\">uyar\u0131c\u0131, co\u015fkulu ve empatik<\/strong>, ayr\u0131ca MDMA veya Amfetamin ile.<\/p>\n<p data-start=\"2916\" data-end=\"3090\"><strong data-start=\"2916\" data-end=\"2958\">4. Ne kadar rahats\u0131n\u0131z?<\/strong><br data-start=\"2958\" data-end=\"2961\" \/>Nebenwirkungen reichen von <strong data-start=\"2988\" data-end=\"3022\">Herzrasen, \u00dcbelkeit, Schwitzen<\/strong> bis hin zu <strong data-start=\"3034\" data-end=\"3059\">psikolojik rahats\u0131zl\u0131klar<\/strong> wie Angst oder Aggressionen.<\/p>\n<p data-start=\"3092\" data-end=\"3224\"><strong data-start=\"3092\" data-end=\"3130\">5. 4-MMC Almanya&#039;da yasal m\u0131?<\/strong><br data-start=\"3130\" data-end=\"3133\" \/>Hay\u0131r, Mephedron Almanya&#039;da <strong data-start=\"3168\" data-end=\"3187\">kesinlikle yasakt\u0131r<\/strong>. Besitz und Verkauf kanunen cezaland\u0131r\u0131l\u0131r.<\/p>\n<p data-start=\"3226\" data-end=\"3495\"><strong data-start=\"3226\" data-end=\"3261\">6. Yasal alternatifler mevcut mu?<\/strong><br data-start=\"3261\" data-end=\"3264\" \/>Es existieren keine <strong data-start=\"3284\" data-end=\"3322\">g\u00fcvenli veya yasal Ersatzstoffe<\/strong> Ayn\u0131 \u00e7al\u0131\u015fma y\u00f6ntemleriyle. Seri\u00f6se Beratung empfiehlt ausschlie\u00dflich <strong data-start=\"3390\" data-end=\"3414\">sa\u011fl\u0131kl\u0131 alternatifler<\/strong> Wie Sport, Ern\u00e4hrung ve Psychologische Unterst\u00fctzung zur Stimmungsaufhellung.<\/p>","protected":false},"excerpt":{"rendered":"<p>4-MMC (Mephedron) \u2013 Substanzprofil &amp; FAQ Beschreibung 4mmc kopen, 4-MMC, auch bekannt als Mephedron, geh\u00f6rt zur Gruppe der synthetischen Cathinone.<\/p>","protected":false},"featured_media":29270,"comment_status":"open","ping_status":"closed","template":"","meta":[],"product_brand":[],"product_cat":[1085],"product_tag":[],"class_list":{"0":"post-27570","1":"product","2":"type-product","3":"status-publish","4":"has-post-thumbnail","6":"product_cat-okategoriserad","8":"first","9":"instock","10":"taxable","11":"shipping-taxable","12":"purchasable","13":"product-type-variable"},"_links":{"self":[{"href":"https:\/\/researchchemworld.com\/tr\/wp-json\/wp\/v2\/product\/27570","targetHints":{"allow":["GET"]}}],"collection":[{"href":"https:\/\/researchchemworld.com\/tr\/wp-json\/wp\/v2\/product"}],"about":[{"href":"https:\/\/researchchemworld.com\/tr\/wp-json\/wp\/v2\/types\/product"}],"replies":[{"embeddable":true,"href":"https:\/\/researchchemworld.com\/tr\/wp-json\/wp\/v2\/comments?post=27570"}],"version-history":[{"count":3,"href":"https:\/\/researchchemworld.com\/tr\/wp-json\/wp\/v2\/product\/27570\/revisions"}],"predecessor-version":[{"id":29159,"href":"https:\/\/researchchemworld.com\/tr\/wp-json\/wp\/v2\/product\/27570\/revisions\/29159"}],"wp:featuredmedia":[{"embeddable":true,"href":"https:\/\/researchchemworld.com\/tr\/wp-json\/wp\/v2\/media\/29270"}],"wp:attachment":[{"href":"https:\/\/researchchemworld.com\/tr\/wp-json\/wp\/v2\/media?parent=27570"}],"wp:term":[{"taxonomy":"product_brand","embeddable":true,"href":"https:\/\/researchchemworld.com\/tr\/wp-json\/wp\/v2\/product_brand?post=27570"},{"taxonomy":"product_cat","embeddable":true,"href":"https:\/\/researchchemworld.com\/tr\/wp-json\/wp\/v2\/product_cat?post=27570"},{"taxonomy":"product_tag","embeddable":true,"href":"https:\/\/researchchemworld.com\/tr\/wp-json\/wp\/v2\/product_tag?post=27570"}],"curies":[{"name":"wp","href":"https:\/\/api.w.org\/{rel}","templated":true}]}}